{"id":853,"date":"2025-02-02T02:58:27","date_gmt":"2025-02-02T02:58:27","guid":{"rendered":"https:\/\/mobsaint.com\/?page_id=853"},"modified":"2025-02-02T02:58:28","modified_gmt":"2025-02-02T02:58:28","slug":"%e4%bd%bf%e7%94%a8%e6%a2%9d%e6%ac%be","status":"publish","type":"page","link":"https:\/\/mobsaint.com\/zh_hk\/termos-de-uso\/","title":{"rendered":"\u4f7f\u7528\u689d\u6b3e"},"content":{"rendered":"<p>\u5982\u679c\u60a8\u7e7c\u7e8c\u700f\u89bd\u548c\u4f7f\u7528\u672c\u7db2\u7ad9\uff0c\u5373\u8868\u793a\u60a8\u540c\u610f\u9075\u5b88\u4e26\u53d7\u4ee5\u4e0b\u4f7f\u7528\u689d\u6b3e\u548c\u689d\u4ef6\u7684\u7d04\u675f\uff0c\u9019\u4e9b\u689d\u6b3e\u548c\u689d\u4ef6\u8207\u6211\u5011\u7684\u96b1\u79c1\u6b0a\u653f\u7b56\u4e00\u8d77\u7ba1\u7406\u6211\u5011\u8207\u60a8\u4e4b\u9593\u7684\u95dc\u4fc2\u3002 <strong>\u83ab\u5e03\u8056<\/strong> \u50cf\u4f60\u4e00\u6a23\u3002<\/p>\n<p>\u5982\u679c\u60a8\u4e0d\u540c\u610f\u9019\u4e9b\u689d\u6b3e\u548c\u689d\u4ef6\u7684\u4efb\u4f55\u90e8\u5206\uff0c\u8acb\u4e0d\u8981\u4f7f\u7528\u6211\u5011\u7684\u7db2\u7ad9\u3002<\/p>\n<p>\u4f7f\u7528\u672c\u7db2\u7ad9\u9808\u9075\u5b88\u4ee5\u4e0b\u4f7f\u7528\u689d\u6b3e\uff1a<\/p>\n<p>\u672c\u7db2\u7ad9\u9801\u9762\u5167\u5bb9\u50c5\u4f9b\u60a8\u4e00\u822c\u4e86\u89e3\u8207\u4f7f\u7528\u3002\u5982\u6709\u8b8a\u66f4\uff0c\u6055\u4e0d\u53e6\u884c\u901a\u77e5\u3002\u6211\u5011\u6216\u4efb\u4f55\u7b2c\u4e09\u65b9\u5747\u4e0d\u5c0d\u672c\u7db2\u7ad9\u63d0\u4f9b\u6216\u767c\u5e03\u7684\u8cc7\u8a0a\u548c\u8cc7\u6599\u7684\u6e96\u78ba\u6027\u3001\u53ca\u6642\u6027\u3001\u6027\u80fd\u3001\u5b8c\u6574\u6027\u6216\u91dd\u5c0d\u4efb\u4f55\u7279\u5b9a\u7528\u9014\u7684\u9069\u7528\u6027\u63d0\u4f9b\u4efb\u4f55\u4fdd\u8b49\u6216\u64d4\u4fdd\u3002\u60a8\u4f7f\u7528\u672c\u7db2\u7ad9\u4e0a\u7684\u4efb\u4f55\u8cc7\u8a0a\u6216\u8cc7\u6599\u7684\u98a8\u96aa\u5b8c\u5168\u7531\u60a8\u81ea\u884c\u627f\u64d4\uff0c\u6211\u5011\u5c0d\u6b64\u4e0d\u627f\u64d4\u4efb\u4f55\u8cac\u4efb\u3002\u6709\u6642\uff0c\u672c\u7db2\u7ad9\u4e5f\u53ef\u80fd\u5305\u542b\u5176\u4ed6\u7db2\u7ad9\u7684\u9023\u7d50\u3002\u63d0\u4f9b\u9019\u4e9b\u9023\u7d50\u662f\u70ba\u4e86\u65b9\u4fbf\u60a8\u63d0\u4f9b\u66f4\u591a\u8cc7\u8a0a\u3002\u6211\u5011\u5c0d\u9023\u7d50\u7db2\u7ad9\u7684\u5167\u5bb9\u4e0d\u8ca0\u4efb\u4f55\u8cac\u4efb\u3002<\/p>","protected":false},"excerpt":{"rendered":"<p>Se voc\u00ea continuar navegando e usando este site, concorda em cumprir e ficar vinculado aos seguintes termos e condi\u00e7\u00f5es de uso, que, juntamente com nossa pol\u00edtica de privacidade, regem o relacionamento do Mobsaint com voc\u00ea. Se voc\u00ea discordar de qualquer parte destes termos e condi\u00e7\u00f5es, n\u00e3o use nosso site. O uso deste site est\u00e1 sujeito &#8230; <a title=\"\u4f7f\u7528\u689d\u6b3e\" class=\"read-more\" href=\"https:\/\/mobsaint.com\/zh_hk\/termos-de-uso\/\" aria-label=\"Read more about Termos de Uso\">\u95b1\u8b80\u66f4\u591a<\/a><\/p>","protected":false},"author":1,"featured_media":0,"parent":0,"menu_order":0,"comment_status":"closed","ping_status":"closed","template":"","meta":{"footnotes":""},"class_list":["post-853","page","type-page","status-publish"],"_links":{"self":[{"href":"https:\/\/mobsaint.com\/zh_hk\/wp-json\/wp\/v2\/pages\/853","targetHints":{"allow":["GET"]}}],"collection":[{"href":"https:\/\/mobsaint.com\/zh_hk\/wp-json\/wp\/v2\/pages"}],"about":[{"href":"https:\/\/mobsaint.com\/zh_hk\/wp-json\/wp\/v2\/types\/page"}],"author":[{"embeddable":true,"href":"https:\/\/mobsaint.com\/zh_hk\/wp-json\/wp\/v2\/users\/1"}],"replies":[{"embeddable":true,"href":"https:\/\/mobsaint.com\/zh_hk\/wp-json\/wp\/v2\/comments?post=853"}],"version-history":[{"count":1,"href":"https:\/\/mobsaint.com\/zh_hk\/wp-json\/wp\/v2\/pages\/853\/revisions"}],"predecessor-version":[{"id":854,"href":"https:\/\/mobsaint.com\/zh_hk\/wp-json\/wp\/v2\/pages\/853\/revisions\/854"}],"wp:attachment":[{"href":"https:\/\/mobsaint.com\/zh_hk\/wp-json\/wp\/v2\/media?parent=853"}],"curies":[{"name":"wp","href":"https:\/\/api.w.org\/{rel}","templated":true}]}}