{"id":3,"date":"2025-02-02T00:25:08","date_gmt":"2025-02-02T00:25:08","guid":{"rendered":"http:\/\/mobsaint.com\/?page_id=3"},"modified":"2025-02-02T02:55:08","modified_gmt":"2025-02-02T02:55:08","slug":"%d8%b1%d8%a7%d8%b2%d8%af%d8%a7%d8%b1%db%8c-%da%a9%db%8c-%d9%be%d8%a7%d9%84%db%8c%d8%b3%db%8c","status":"publish","type":"page","link":"https:\/\/mobsaint.com\/ur\/politica-de-privacidade\/","title":{"rendered":"\u0631\u0627\u0632\u062f\u0627\u0631\u06cc \u06a9\u06cc \u067e\u0627\u0644\u06cc\u0633\u06cc"},"content":{"rendered":"<p>Mobsaint \u0645\u06cc\u06ba \u062e\u0648\u0634 \u0622\u0645\u062f\u06cc\u062f\u06d4 \u06cc\u06c1 \u0631\u0627\u0632\u062f\u0627\u0631\u06cc \u06a9\u06cc \u067e\u0627\u0644\u06cc\u0633\u06cc \u0628\u06cc\u0627\u0646 \u06a9\u0631\u062a\u06cc \u06c1\u06d2 \u06a9\u06c1 \u062c\u0628 \u0622\u067e \u06c1\u0645\u0627\u0631\u06cc \u0648\u06cc\u0628 \u0633\u0627\u0626\u0679 \u062a\u06a9 \u0631\u0633\u0627\u0626\u06cc \u062d\u0627\u0635\u0644 \u06a9\u0631\u062a\u06d2 \u06c1\u06cc\u06ba \u06cc\u0627 \u0627\u0633\u062a\u0639\u0645\u0627\u0644 \u06a9\u0631\u062a\u06d2 \u06c1\u06cc\u06ba \u062a\u0648 \u06c1\u0645 \u0622\u067e \u06a9\u06d2 \u0628\u0627\u0631\u06d2 \u0645\u06cc\u06ba \u0645\u0639\u0644\u0648\u0645\u0627\u062a \u06a9\u06cc\u0633\u06d2 \u0627\u06a9\u0679\u06be\u0627\u060c \u0627\u0633\u062a\u0639\u0645\u0627\u0644 \u0627\u0648\u0631 \u0634\u06cc\u0626\u0631 \u06a9\u0631\u062a\u06d2 \u06c1\u06cc\u06ba\u06d4<\/p>\n\n\n\n<ol class=\"wp-block-list\">\n<li>\u0648\u06c1 \u0645\u0639\u0644\u0648\u0645\u0627\u062a \u062c\u0648 \u06c1\u0645 \u0630\u0627\u062a\u06cc \u0645\u0639\u0644\u0648\u0645\u0627\u062a \u062c\u0645\u0639 \u06a9\u0631\u062a\u06d2 \u06c1\u06cc\u06ba: \u06c1\u0645 \u0630\u0627\u062a\u06cc \u0645\u0639\u0644\u0648\u0645\u0627\u062a \u062c\u0645\u0639 \u06a9\u0631\u062a\u06d2 \u06c1\u06cc\u06ba \u062c\u0648 \u0622\u067e \u0631\u0636\u0627\u06a9\u0627\u0631\u0627\u0646\u06c1 \u0637\u0648\u0631 \u067e\u0631 \u0641\u0631\u0627\u06c1\u0645 \u06a9\u0631\u062a\u06d2 \u06c1\u06cc\u06ba\u060c \u062c\u06cc\u0633\u06d2 \u06a9\u06c1 \u0622\u067e \u06a9\u0627 \u0646\u0627\u0645\u060c \u0627\u06cc \u0645\u06cc\u0644 \u067e\u062a\u06c1\u060c \u0627\u0648\u0631 \u062f\u06cc\u06af\u0631 \u0631\u0627\u0628\u0637\u06c1 \u0645\u0639\u0644\u0648\u0645\u0627\u062a \u062c\u0628 \u0622\u067e \u0627\u067e \u0688\u06cc\u0679\u0633 \u06a9\u06d2 \u0644\u06cc\u06d2 \u0633\u0627\u0626\u0646 \u0627\u067e \u06a9\u0631\u062a\u06d2 \u06c1\u06cc\u06ba \u06cc\u0627 \u0628\u0635\u0648\u0631\u062a \u062f\u06cc\u06af\u0631 \u06c1\u0645 \u0633\u06d2 \u0628\u0627\u062a \u0686\u06cc\u062a \u06a9\u0631\u062a\u06d2 \u06c1\u06cc\u06ba\u06d4 \u0627\u0633\u062a\u0639\u0645\u0627\u0644 \u06a9\u0627 \u0688\u06cc\u0679\u0627: \u06c1\u0645 \u062e\u0648\u062f \u0628\u062e\u0648\u062f \u0627\u0633 \u0628\u0627\u0631\u06d2 \u0645\u06cc\u06ba \u0645\u0639\u0644\u0648\u0645\u0627\u062a \u0627\u06a9\u0679\u06be\u0627 \u06a9\u0631\u062a\u06d2 \u06c1\u06cc\u06ba \u06a9\u06c1 \u0622\u067e \u06a9\u0633 \u0637\u0631\u062d \u0633\u0627\u0626\u0679 \u062a\u06a9 \u0631\u0633\u0627\u0626\u06cc \u0627\u0648\u0631 \u0627\u0633\u062a\u0639\u0645\u0627\u0644 \u06a9\u0631\u062a\u06d2 \u06c1\u06cc\u06ba\u060c \u0628\u0634\u0645\u0648\u0644 \u0622\u067e \u06a9\u06d2 \u0622\u0644\u06d2 \u06a9\u06cc \u0642\u0633\u0645\u060c \u0648\u06cc\u0628 \u0628\u0631\u0627\u0624\u0632\u0631\u060c \u0645\u0644\u0627\u062d\u0638\u06c1 \u06a9\u06cc\u06d2 \u06af\u0626\u06d2 \u0635\u0641\u062d\u0627\u062a\u060c \u06a9\u0644\u06a9\u0633\u060c \u0627\u0633\u062a\u0639\u0645\u0627\u0644 \u06a9\u06d2 \u0646\u0645\u0648\u0646\u06d2\u060c \u0627\u0648\u0631 \u062f\u06cc\u06af\u0631 \u0627\u0633\u062a\u0639\u0645\u0627\u0644 \u06a9\u06cc \u0645\u0639\u0644\u0648\u0645\u0627\u062a\u06d4 \u06a9\u0648\u06a9\u06cc\u0632 \u0627\u0648\u0631 \u0679\u0631\u06cc\u06a9\u0646\u06af \u0679\u06cc\u06a9\u0646\u0627\u0644\u0648\u062c\u06cc\u0632: \u06c1\u0645 \u0622\u067e \u06a9\u06d2 \u062a\u062c\u0631\u0628\u06d2 \u06a9\u0648 \u0630\u0627\u062a\u06cc \u0628\u0646\u0627\u0646\u06d2 \u06a9\u06d2 \u0644\u06cc\u06d2 \u06a9\u0648\u06a9\u06cc\u0632 \u0627\u0648\u0631 \u0679\u0631\u06cc\u06a9\u0646\u06af \u0679\u06cc\u06a9\u0646\u0627\u0644\u0648\u062c\u06cc\u0632 \u06a9\u0627 \u0627\u0633\u062a\u0639\u0645\u0627\u0644 \u06a9\u0631\u062a\u06d2 \u06c1\u06cc\u06ba \u0627\u0648\u0631 \u0648\u06cc\u0628 \u0633\u0627\u0626\u0679 \u0627\u0648\u0631 \u062f\u06a9\u06be\u0627\u0626\u06d2 \u062c\u0627\u0646\u06d2 \u0648\u0627\u0644\u06d2 \u0627\u0634\u062a\u06c1\u0627\u0631\u0627\u062a \u06a9\u06d2 \u0633\u0627\u062a\u06be \u0622\u067e \u06a9\u06d2 \u062a\u0639\u0627\u0645\u0644 \u06a9\u06d2 \u0628\u0627\u0631\u06d2 \u0645\u06cc\u06ba \u0688\u06cc\u0679\u0627 \u0627\u06a9\u0679\u06be\u0627 \u06a9\u0631\u062a\u06d2 \u06c1\u06cc\u06ba\u06d4<\/li>\n\n\n\n<li>\u0645\u0639\u0644\u0648\u0645\u0627\u062a \u06a9\u0627 \u0627\u0633\u062a\u0639\u0645\u0627\u0644 \u06c1\u0645 \u0622\u067e \u06a9\u06cc \u0645\u0639\u0644\u0648\u0645\u0627\u062a \u06a9\u0627 \u0627\u0633\u062a\u0639\u0645\u0627\u0644 \u06a9\u0631\u062a\u06d2 \u06c1\u06cc\u06ba:<\/li>\n<\/ol>\n\n\n\n<p>\u06c1\u0645\u0627\u0631\u06cc \u0648\u06cc\u0628 \u0633\u0627\u0626\u0679 \u0627\u0648\u0631 \u062e\u062f\u0645\u0627\u062a \u0641\u0631\u0627\u06c1\u0645 \u06a9\u0631\u06cc\u06ba\u060c \u0628\u0631\u0642\u0631\u0627\u0631 \u0631\u06a9\u06be\u06cc\u06ba \u0627\u0648\u0631 \u0628\u06c1\u062a\u0631 \u0628\u0646\u0627\u0626\u06cc\u06ba\u06d4 \u0622\u067e \u06a9\u06d2 \u0633\u0627\u062a\u06be \u0628\u0627\u062a \u0686\u06cc\u062a \u06a9\u0631\u06cc\u06ba\u060c \u0622\u067e \u06a9\u06d2 \u0633\u0648\u0627\u0644\u0627\u062a \u0627\u0648\u0631 \u062f\u0631\u062e\u0648\u0627\u0633\u062a\u0648\u06ba \u06a9\u0627 \u062c\u0648\u0627\u0628 \u062f\u06cc\u06ba\u06d4 \u0630\u0627\u062a\u06cc \u0646\u0648\u0639\u06cc\u062a \u06a9\u06d2 \u0627\u0634\u062a\u06c1\u0627\u0631\u0627\u062a \u062f\u06a9\u06be\u0627\u0626\u06cc\u06ba \u0627\u0648\u0631 \u0688\u06cc\u0679\u0627 \u06a9\u0627 \u062a\u062c\u0632\u06cc\u06c1 \u06a9\u0631\u06cc\u06ba\u06d4<\/p>\n\n\n\n<ol class=\"wp-block-list\" start=\"3\">\n<li>\u0645\u0639\u0644\u0648\u0645\u0627\u062a \u06a9\u0627 \u0627\u0634\u062a\u0631\u0627\u06a9 \u06c1\u0645 \u062f\u0631\u062c \u0630\u06cc\u0644 \u062d\u0627\u0644\u0627\u062a \u0645\u06cc\u06ba \u0641\u0631\u06cc\u0642 \u062b\u0627\u0644\u062b \u06a9\u06d2 \u0633\u0627\u062a\u06be \u0622\u067e \u06a9\u06cc \u0645\u0639\u0644\u0648\u0645\u0627\u062a \u06a9\u0627 \u0627\u0634\u062a\u0631\u0627\u06a9 \u06a9\u0631 \u0633\u06a9\u062a\u06d2 \u06c1\u06cc\u06ba\u06d4<\/li>\n<\/ol>\n\n\n\n<p>\u0633\u0631\u0648\u0633 \u0641\u0631\u0627\u06c1\u0645 \u06a9\u0646\u0646\u062f\u06af\u0627\u0646: \u06c1\u0645 \u0627\u0646 \u062f\u06a9\u0627\u0646\u062f\u0627\u0631\u0648\u06ba \u06a9\u06d2 \u0633\u0627\u062a\u06be \u0645\u0639\u0644\u0648\u0645\u0627\u062a \u06a9\u0627 \u0627\u0634\u062a\u0631\u0627\u06a9 \u06a9\u0631\u062a\u06d2 \u06c1\u06cc\u06ba \u062c\u0648 \u0633\u0627\u0626\u0679 \u06a9\u0648 \u0686\u0644\u0627\u0646\u06d2 \u0645\u06cc\u06ba \u06c1\u0645\u0627\u0631\u06cc \u0645\u062f\u062f \u06a9\u0631\u062a\u06d2 \u06c1\u06cc\u06ba\u060c \u062c\u06cc\u0633\u06d2 \u0648\u06cc\u0628 \u06c1\u0648\u0633\u0679\u0646\u06af \u0627\u0648\u0631 \u0688\u06cc\u0679\u0627 \u06a9\u0627 \u062a\u062c\u0632\u06cc\u06c1\u06d4 \u06af\u0648\u06af\u0644 \u0627\u06cc\u0688 \u0627\u06cc\u06a9\u0633\u0686\u06cc\u0646\u062c: \u06af\u0648\u06af\u0644 \u0627\u06cc\u0688 \u0627\u06cc\u06a9\u0633\u0686\u06cc\u0646\u062c \u06a9\u06d2 \u0630\u0631\u06cc\u0639\u06d2 \u0627\u0634\u062a\u06c1\u0627\u0631\u0627\u062a \u062f\u06a9\u06be\u0627\u0646\u06d2 \u06a9\u06d2 \u0644\u06cc\u06d2 \u0636\u0631\u0648\u0631\u06cc \u06c1\u06d2\u06d4 \u0642\u0627\u0646\u0648\u0646\u06cc \u062a\u0639\u0645\u06cc\u0644: \u062c\u0628 \u0636\u0631\u0648\u0631\u06cc \u06c1\u0648 \u0642\u0627\u0646\u0648\u0646 \u06a9\u06cc \u062a\u0639\u0645\u06cc\u0644 \u06a9\u0631\u0646\u0627 \u06cc\u0627 \u0642\u0627\u0646\u0648\u0646\u06cc \u0639\u0645\u0644 \u06a9\u0627 \u062c\u0648\u0627\u0628 \u062f\u06cc\u0646\u0627\u06d4<\/p>\n\n\n\n<ol class=\"wp-block-list\" start=\"4\">\n<li>\u06af\u0648\u06af\u0644 \u0627\u06cc\u0688\u0633\u06cc\u0646\u0633 \u06af\u0648\u06af\u0644 \u0627\u06cc\u0688\u0633\u06cc\u0646\u0633 \u06a9\u06cc \u0634\u0631\u0627\u0626\u0637 \u06a9\u06d2 \u0645\u0637\u0627\u0628\u0642\u060c \u06c1\u0645 \u0622\u067e \u06a9\u0648 \u0645\u0637\u0644\u0639 \u06a9\u0631\u062a\u06d2 \u06c1\u06cc\u06ba \u06a9\u06c1 \u06af\u0648\u06af\u0644\u060c \u062a\u06cc\u0633\u0631\u06d2 \u0641\u0631\u06cc\u0642 \u0648\u06cc\u0646\u0688\u0631 \u06a9\u06d2 \u0637\u0648\u0631 \u067e\u0631\u060c \u06c1\u0645\u0627\u0631\u06cc \u0648\u06cc\u0628 \u0633\u0627\u0626\u0679 \u067e\u0631 \u0627\u0634\u062a\u06c1\u0627\u0631\u0627\u062a \u067e\u06cc\u0634 \u06a9\u0631\u0646\u06d2 \u06a9\u06d2 \u0644\u06cc\u06d2 \u06a9\u0648\u06a9\u06cc\u0632 \u06a9\u0627 \u0627\u0633\u062a\u0639\u0645\u0627\u0644 \u06a9\u0631\u062a\u0627 \u06c1\u06d2\u06d4 \u06af\u0648\u06af\u0644 \u06a9\u0627 DART \u06a9\u0648\u06a9\u06cc \u06a9\u0627 \u0627\u0633\u062a\u0639\u0645\u0627\u0644 \u0627\u0633\u06d2 \u06c1\u0645\u0627\u0631\u06d2 \u0635\u0627\u0631\u0641\u06cc\u0646 \u06a9\u0648 \u06c1\u0645\u0627\u0631\u06cc \u0633\u0627\u0626\u0679 \u0627\u0648\u0631 \u0627\u0646\u0679\u0631\u0646\u06cc\u0679 \u067e\u0631 \u062f\u06cc\u06af\u0631 \u0633\u0627\u0626\u0679\u0633 \u067e\u0631 \u0627\u0646 \u06a9\u06d2 \u0633\u0627\u0628\u0642\u06c1 \u062f\u0648\u0631\u0648\u06ba \u06a9\u06cc \u0628\u0646\u06cc\u0627\u062f \u067e\u0631 \u0627\u0634\u062a\u06c1\u0627\u0631\u0627\u062a \u067e\u06cc\u0634 \u06a9\u0631\u0646\u06d2 \u06a9\u06d2 \u0642\u0627\u0628\u0644 \u0628\u0646\u0627\u062a\u0627 \u06c1\u06d2\u06d4 \u0635\u0627\u0631\u0641\u06cc\u0646 \u06af\u0648\u06af\u0644 \u0627\u0634\u062a\u06c1\u0627\u0631 \u0627\u0648\u0631 \u0645\u0648\u0627\u062f \u06a9\u06d2 \u0646\u06cc\u0679 \u0648\u0631\u06a9 \u06a9\u06cc \u0631\u0627\u0632\u062f\u0627\u0631\u06cc \u06a9\u06cc \u067e\u0627\u0644\u06cc\u0633\u06cc \u067e\u0631 \u062c\u0627 \u06a9\u0631 DART \u06a9\u0648\u06a9\u06cc \u06a9\u06d2 \u0627\u0633\u062a\u0639\u0645\u0627\u0644 \u0633\u06d2 \u0622\u067e\u0679 \u0622\u0624\u0679 \u06a9\u0631 \u0633\u06a9\u062a\u06d2 \u06c1\u06cc\u06ba\u06d4<\/li>\n\n\n\n<li>\u0631\u0627\u0632\u062f\u0627\u0631\u06cc \u06a9\u06cc \u067e\u0627\u0644\u06cc\u0633\u06cc \u0645\u06cc\u06ba \u062a\u0628\u062f\u06cc\u0644\u06cc\u0627\u06ba \u06c1\u0645 \u0648\u0642\u062a\u0627\u064b \u0641\u0648\u0642\u062a\u0627\u064b \u0627\u067e\u0646\u06cc \u0631\u0627\u0632\u062f\u0627\u0631\u06cc \u06a9\u06cc \u067e\u0627\u0644\u06cc\u0633\u06cc \u06a9\u0648 \u0627\u067e \u0688\u06cc\u0679 \u06a9\u0631 \u0633\u06a9\u062a\u06d2 \u06c1\u06cc\u06ba\u06d4 \u06c1\u0645 \u0622\u067e \u06a9\u0648 \u0627\u0633 \u0635\u0641\u062d\u06c1 \u067e\u0631 \u0646\u0626\u06cc \u067e\u0631\u0627\u0626\u06cc\u0648\u06cc\u0633\u06cc \u067e\u0627\u0644\u06cc\u0633\u06cc \u067e\u0648\u0633\u0679 \u06a9\u0631 \u06a9\u06d2 \u06a9\u0633\u06cc \u0628\u06be\u06cc \u062a\u0628\u062f\u06cc\u0644\u06cc \u06a9\u06cc \u0627\u0637\u0644\u0627\u0639 \u062f\u06cc\u06ba \u06af\u06d2\u06d4<\/li>\n\n\n\n<li>\u0631\u0627\u0628\u0637\u06c1 \u06a9\u0631\u06cc\u06ba \u0627\u06af\u0631 \u0622\u067e \u06a9\u0648 \u0627\u0633 \u0631\u0627\u0632\u062f\u0627\u0631\u06cc \u06a9\u06cc \u067e\u0627\u0644\u06cc\u0633\u06cc \u06a9\u06d2 \u0628\u0627\u0631\u06d2 \u0645\u06cc\u06ba \u06a9\u0648\u0626\u06cc \u0633\u0648\u0627\u0644\u0627\u062a \u06c1\u06cc\u06ba\u060c \u062a\u0648 \u0628\u0631\u0627\u06c1 \u06a9\u0631\u0645 \u06c1\u0645 \u0633\u06d2 \u0631\u0627\u0628\u0637\u06c1 \u06a9\u0631\u06cc\u06ba\u06d4<\/li>\n<\/ol>","protected":false},"excerpt":{"rendered":"<p>Bem-vindo ao Mobsaint. Esta pol\u00edtica de privacidade descreve como coletamos, usamos e compartilhamos informa\u00e7\u00f5es sobre voc\u00ea quando acessa ou usa nosso site. Fornecer, manter e melhorar nosso site e servi\u00e7os. Comunicar-nos com voc\u00ea, responder suas perguntas e solicita\u00e7\u00f5es. Exibir an\u00fancios personalizados e realizar an\u00e1lises de dados. Fornecedores de Servi\u00e7os: Compartilhamos informa\u00e7\u00f5es com fornecedores que nos &#8230; <a title=\"\u0631\u0627\u0632\u062f\u0627\u0631\u06cc \u06a9\u06cc \u067e\u0627\u0644\u06cc\u0633\u06cc\" class=\"read-more\" href=\"https:\/\/mobsaint.com\/ur\/politica-de-privacidade\/\" aria-label=\"Read more about Pol\u00edtica de Privacidade\">\u0645\u0632\u06cc\u062f \u067e\u0691\u06be\u06cc\u06ba<\/a><\/p>","protected":false},"author":1,"featured_media":0,"parent":0,"menu_order":0,"comment_status":"closed","ping_status":"closed","template":"","meta":{"footnotes":""},"class_list":["post-3","page","type-page","status-publish"],"_links":{"self":[{"href":"https:\/\/mobsaint.com\/ur\/wp-json\/wp\/v2\/pages\/3","targetHints":{"allow":["GET"]}}],"collection":[{"href":"https:\/\/mobsaint.com\/ur\/wp-json\/wp\/v2\/pages"}],"about":[{"href":"https:\/\/mobsaint.com\/ur\/wp-json\/wp\/v2\/types\/page"}],"author":[{"embeddable":true,"href":"https:\/\/mobsaint.com\/ur\/wp-json\/wp\/v2\/users\/1"}],"replies":[{"embeddable":true,"href":"https:\/\/mobsaint.com\/ur\/wp-json\/wp\/v2\/comments?post=3"}],"version-history":[{"count":2,"href":"https:\/\/mobsaint.com\/ur\/wp-json\/wp\/v2\/pages\/3\/revisions"}],"predecessor-version":[{"id":850,"href":"https:\/\/mobsaint.com\/ur\/wp-json\/wp\/v2\/pages\/3\/revisions\/850"}],"wp:attachment":[{"href":"https:\/\/mobsaint.com\/ur\/wp-json\/wp\/v2\/media?parent=3"}],"curies":[{"name":"wp","href":"https:\/\/api.w.org\/{rel}","templated":true}]}}