{"id":853,"date":"2025-02-02T02:58:27","date_gmt":"2025-02-02T02:58:27","guid":{"rendered":"https:\/\/mobsaint.com\/?page_id=853"},"modified":"2025-02-02T02:58:28","modified_gmt":"2025-02-02T02:58:28","slug":"%d1%83%d0%bc%d0%be%d0%b2%d0%b8-%d0%b2%d0%b8%d0%ba%d0%be%d1%80%d0%b8%d1%81%d1%82%d0%b0%d0%bd%d0%bd%d1%8f","status":"publish","type":"page","link":"https:\/\/mobsaint.com\/uk\/termos-de-uso\/","title":{"rendered":"\u0423\u043c\u043e\u0432\u0438 \u0432\u0438\u043a\u043e\u0440\u0438\u0441\u0442\u0430\u043d\u043d\u044f"},"content":{"rendered":"<p>\u042f\u043a\u0449\u043e \u0432\u0438 \u043f\u0440\u043e\u0434\u043e\u0432\u0436\u0443\u0454\u0442\u0435 \u043f\u0435\u0440\u0435\u0433\u043b\u044f\u0434\u0430\u0442\u0438 \u0442\u0430 \u0432\u0438\u043a\u043e\u0440\u0438\u0441\u0442\u043e\u0432\u0443\u0432\u0430\u0442\u0438 \u0446\u0435\u0439 \u0432\u0435\u0431-\u0441\u0430\u0439\u0442, \u0432\u0438 \u043f\u043e\u0433\u043e\u0434\u0436\u0443\u0454\u0442\u0435\u0441\u044f \u0434\u043e\u0442\u0440\u0438\u043c\u0443\u0432\u0430\u0442\u0438\u0441\u044f \u043d\u0430\u0432\u0435\u0434\u0435\u043d\u0438\u0445 \u043d\u0438\u0436\u0447\u0435 \u0443\u043c\u043e\u0432 \u0432\u0438\u043a\u043e\u0440\u0438\u0441\u0442\u0430\u043d\u043d\u044f, \u044f\u043a\u0456 \u0440\u0430\u0437\u043e\u043c \u0456\u0437 \u043d\u0430\u0448\u043e\u044e \u043f\u043e\u043b\u0456\u0442\u0438\u043a\u043e\u044e \u043a\u043e\u043d\u0444\u0456\u0434\u0435\u043d\u0446\u0456\u0439\u043d\u043e\u0441\u0442\u0456 \u0440\u0435\u0433\u0443\u043b\u044e\u044e\u0442\u044c \u043d\u0430\u0448\u0456 \u0432\u0456\u0434\u043d\u043e\u0441\u0438\u043d\u0438 \u0437 \u0432\u0430\u043c\u0438. <strong>\u041c\u043e\u0431\u0441\u0435\u0439\u043d\u0442<\/strong> \u044f\u043a \u0442\u0438.<\/p>\n<p>\u042f\u043a\u0449\u043e \u0432\u0438 \u043d\u0435 \u0437\u0433\u043e\u0434\u043d\u0456 \u0437 \u0431\u0443\u0434\u044c-\u044f\u043a\u043e\u044e \u0447\u0430\u0441\u0442\u0438\u043d\u043e\u044e \u0446\u0438\u0445 \u0443\u043c\u043e\u0432, \u043d\u0435 \u0432\u0438\u043a\u043e\u0440\u0438\u0441\u0442\u043e\u0432\u0443\u0439\u0442\u0435 \u043d\u0430\u0448 \u0432\u0435\u0431-\u0441\u0430\u0439\u0442.<\/p>\n<p>\u0412\u0438\u043a\u043e\u0440\u0438\u0441\u0442\u0430\u043d\u043d\u044f \u0446\u044c\u043e\u0433\u043e \u0432\u0435\u0431-\u0441\u0430\u0439\u0442\u0443 \u0440\u0435\u0433\u0443\u043b\u044e\u0454\u0442\u044c\u0441\u044f \u0442\u0430\u043a\u0438\u043c\u0438 \u0443\u043c\u043e\u0432\u0430\u043c\u0438 \u0432\u0438\u043a\u043e\u0440\u0438\u0441\u0442\u0430\u043d\u043d\u044f:<\/p>\n<p>\u0412\u043c\u0456\u0441\u0442 \u0441\u0442\u043e\u0440\u0456\u043d\u043e\u043a \u0446\u044c\u043e\u0433\u043e \u0432\u0435\u0431-\u0441\u0430\u0439\u0442\u0443 \u043f\u0440\u0438\u0437\u043d\u0430\u0447\u0435\u043d\u0438\u0439 \u043b\u0438\u0448\u0435 \u0434\u043b\u044f \u0437\u0430\u0433\u0430\u043b\u044c\u043d\u043e\u0457 \u0456\u043d\u0444\u043e\u0440\u043c\u0430\u0446\u0456\u0457 \u0442\u0430 \u0432\u0438\u043a\u043e\u0440\u0438\u0441\u0442\u0430\u043d\u043d\u044f. \u041c\u0438 \u043c\u043e\u0436\u0435\u043c\u043e \u0437\u043c\u0456\u043d\u0438\u0442\u0438 \u0431\u0435\u0437 \u043f\u043e\u043f\u0435\u0440\u0435\u0434\u0436\u0435\u043d\u043d\u044f. \u041d\u0456 \u043c\u0438, \u043d\u0456 \u0431\u0443\u0434\u044c-\u044f\u043a\u0456 \u0442\u0440\u0435\u0442\u0456 \u0441\u0442\u043e\u0440\u043e\u043d\u0438 \u043d\u0435 \u043d\u0430\u0434\u0430\u0454\u043c\u043e \u0436\u043e\u0434\u043d\u0438\u0445 \u0433\u0430\u0440\u0430\u043d\u0442\u0456\u0439 \u0449\u043e\u0434\u043e \u0442\u043e\u0447\u043d\u043e\u0441\u0442\u0456, \u0441\u0432\u043e\u0454\u0447\u0430\u0441\u043d\u043e\u0441\u0442\u0456, \u0435\u0444\u0435\u043a\u0442\u0438\u0432\u043d\u043e\u0441\u0442\u0456, \u043f\u043e\u0432\u043d\u043e\u0442\u0438 \u0447\u0438 \u043f\u0440\u0438\u0434\u0430\u0442\u043d\u043e\u0441\u0442\u0456 \u0456\u043d\u0444\u043e\u0440\u043c\u0430\u0446\u0456\u0457 \u0442\u0430 \u043c\u0430\u0442\u0435\u0440\u0456\u0430\u043b\u0456\u0432, \u0437\u043d\u0430\u0439\u0434\u0435\u043d\u0438\u0445 \u0430\u0431\u043e \u0437\u0430\u043f\u0440\u043e\u043f\u043e\u043d\u043e\u0432\u0430\u043d\u0438\u0445 \u043d\u0430 \u0446\u044c\u043e\u043c\u0443 \u0432\u0435\u0431-\u0441\u0430\u0439\u0442\u0456, \u0434\u043b\u044f \u0431\u0443\u0434\u044c-\u044f\u043a\u043e\u0457 \u043a\u043e\u043d\u043a\u0440\u0435\u0442\u043d\u043e\u0457 \u043c\u0435\u0442\u0438. \u0412\u0438 \u0432\u0438\u043a\u043e\u0440\u0438\u0441\u0442\u043e\u0432\u0443\u0454\u0442\u0435 \u0431\u0443\u0434\u044c-\u044f\u043a\u0443 \u0456\u043d\u0444\u043e\u0440\u043c\u0430\u0446\u0456\u044e \u0430\u0431\u043e \u043c\u0430\u0442\u0435\u0440\u0456\u0430\u043b\u0438 \u043d\u0430 \u0446\u044c\u043e\u043c\u0443 \u0432\u0435\u0431-\u0441\u0430\u0439\u0442\u0456 \u0432\u0438\u043a\u043b\u044e\u0447\u043d\u043e \u043d\u0430 \u0441\u0432\u0456\u0439 \u0432\u043b\u0430\u0441\u043d\u0438\u0439 \u0440\u0438\u0437\u0438\u043a, \u0437\u0430 \u044f\u043a\u0438\u0439 \u043c\u0438 \u043d\u0435 \u043d\u0435\u0441\u0435\u043c\u043e \u0432\u0456\u0434\u043f\u043e\u0432\u0456\u0434\u0430\u043b\u044c\u043d\u043e\u0441\u0442\u0456. \u0427\u0430\u0441 \u0432\u0456\u0434 \u0447\u0430\u0441\u0443 \u0446\u0435\u0439 \u0432\u0435\u0431-\u0441\u0430\u0439\u0442 \u0442\u0430\u043a\u043e\u0436 \u043c\u043e\u0436\u0435 \u043c\u0456\u0441\u0442\u0438\u0442\u0438 \u043f\u043e\u0441\u0438\u043b\u0430\u043d\u043d\u044f \u043d\u0430 \u0456\u043d\u0448\u0456 \u0432\u0435\u0431-\u0441\u0430\u0439\u0442\u0438. \u0426\u0456 \u043f\u043e\u0441\u0438\u043b\u0430\u043d\u043d\u044f \u043d\u0430\u0434\u0430\u043d\u043e \u0434\u043b\u044f \u0432\u0430\u0448\u043e\u0457 \u0437\u0440\u0443\u0447\u043d\u043e\u0441\u0442\u0456 \u0434\u043b\u044f \u043d\u0430\u0434\u0430\u043d\u043d\u044f \u0434\u043e\u0434\u0430\u0442\u043a\u043e\u0432\u043e\u0457 \u0456\u043d\u0444\u043e\u0440\u043c\u0430\u0446\u0456\u0457. \u041c\u0438 \u043d\u0435 \u043d\u0435\u0441\u0435\u043c\u043e \u0432\u0456\u0434\u043f\u043e\u0432\u0456\u0434\u0430\u043b\u044c\u043d\u043e\u0441\u0442\u0456 \u0437\u0430 \u0432\u043c\u0456\u0441\u0442 \u0432\u0435\u0431-\u0441\u0430\u0439\u0442\u0456\u0432, \u043d\u0430 \u044f\u043a\u0456 \u043f\u043e\u0441\u0438\u043b\u0430\u044e\u0442\u044c\u0441\u044f.<\/p>","protected":false},"excerpt":{"rendered":"<p>Se voc\u00ea continuar navegando e usando este site, concorda em cumprir e ficar vinculado aos seguintes termos e condi\u00e7\u00f5es de uso, que, juntamente com nossa pol\u00edtica de privacidade, regem o relacionamento do Mobsaint com voc\u00ea. Se voc\u00ea discordar de qualquer parte destes termos e condi\u00e7\u00f5es, n\u00e3o use nosso site. O uso deste site est\u00e1 sujeito &#8230; <a title=\"\u0423\u043c\u043e\u0432\u0438 \u0432\u0438\u043a\u043e\u0440\u0438\u0441\u0442\u0430\u043d\u043d\u044f\" class=\"read-more\" href=\"https:\/\/mobsaint.com\/uk\/termos-de-uso\/\" aria-label=\"\u0414\u043e\u043a\u043b\u0430\u0434\u043d\u0456\u0448\u0435 \u043f\u0440\u043e Termos de Uso\">\u0447\u0438\u0442\u0430\u0442\u0438 \u0434\u0430\u043b\u0456<\/a><\/p>","protected":false},"author":1,"featured_media":0,"parent":0,"menu_order":0,"comment_status":"closed","ping_status":"closed","template":"","meta":{"footnotes":""},"class_list":["post-853","page","type-page","status-publish"],"_links":{"self":[{"href":"https:\/\/mobsaint.com\/uk\/wp-json\/wp\/v2\/pages\/853","targetHints":{"allow":["GET"]}}],"collection":[{"href":"https:\/\/mobsaint.com\/uk\/wp-json\/wp\/v2\/pages"}],"about":[{"href":"https:\/\/mobsaint.com\/uk\/wp-json\/wp\/v2\/types\/page"}],"author":[{"embeddable":true,"href":"https:\/\/mobsaint.com\/uk\/wp-json\/wp\/v2\/users\/1"}],"replies":[{"embeddable":true,"href":"https:\/\/mobsaint.com\/uk\/wp-json\/wp\/v2\/comments?post=853"}],"version-history":[{"count":1,"href":"https:\/\/mobsaint.com\/uk\/wp-json\/wp\/v2\/pages\/853\/revisions"}],"predecessor-version":[{"id":854,"href":"https:\/\/mobsaint.com\/uk\/wp-json\/wp\/v2\/pages\/853\/revisions\/854"}],"wp:attachment":[{"href":"https:\/\/mobsaint.com\/uk\/wp-json\/wp\/v2\/media?parent=853"}],"curies":[{"name":"wp","href":"https:\/\/api.w.org\/{rel}","templated":true}]}}