{"id":853,"date":"2025-02-02T02:58:27","date_gmt":"2025-02-02T02:58:27","guid":{"rendered":"https:\/\/mobsaint.com\/?page_id=853"},"modified":"2025-02-02T02:58:28","modified_gmt":"2025-02-02T02:58:28","slug":"kullanim-sartlari","status":"publish","type":"page","link":"https:\/\/mobsaint.com\/tr_eu\/termos-de-uso\/","title":{"rendered":"Kullan\u0131m \u015eartlar\u0131"},"content":{"rendered":"<p>Bu web sitesinde gezinmeye ve kullanmaya devam etmeniz halinde, gizlilik politikam\u0131zla birlikte sizinle olan ili\u015fkimizi y\u00f6neten a\u015fa\u011f\u0131daki kullan\u0131m h\u00fck\u00fcm ve ko\u015fullar\u0131na uymay\u0131 ve bunlara ba\u011fl\u0131 kalmay\u0131 kabul etmi\u015f olursunuz. <strong>Mafya Azizi<\/strong> senin gibi.<\/p>\n<p>Bu h\u00fck\u00fcm ve ko\u015fullar\u0131n herhangi bir k\u0131sm\u0131n\u0131 kabul etmiyorsan\u0131z l\u00fctfen web sitemizi kullanmay\u0131n\u0131z.<\/p>\n<p>Bu web sitesinin kullan\u0131m\u0131 a\u015fa\u011f\u0131daki kullan\u0131m ko\u015fullar\u0131na tabidir:<\/p>\n<p>Bu web sitesinin sayfalar\u0131ndaki i\u00e7erik yaln\u0131zca genel bilgi ve kullan\u0131m\u0131n\u0131z i\u00e7indir. \u00d6nceden haber verilmeksizin de\u011fi\u015ftirilebilir. Ne biz ne de herhangi bir \u00fc\u00e7\u00fcnc\u00fc taraf, bu web sitesinde bulunan veya sunulan bilgilerin ve materyallerin herhangi bir \u00f6zel ama\u00e7 i\u00e7in do\u011frulu\u011fu, zamanlamas\u0131, performans\u0131, eksiksizli\u011fi veya uygunlu\u011fu konusunda herhangi bir garanti veya g\u00fcvence sa\u011flamaz. Bu web sitesinde yer alan herhangi bir bilgi veya materyali kullanman\u0131z tamamen kendi riskiniz alt\u0131ndad\u0131r ve biz bundan sorumlu tutulamay\u0131z. Bu web sitesi zaman zaman ba\u015fka web sitelerine ba\u011flant\u0131lar da i\u00e7erebilir. Bu ba\u011flant\u0131lar daha detayl\u0131 bilgi sa\u011flamak amac\u0131yla sizlere kolayl\u0131k sa\u011flamak amac\u0131yla sunulmaktad\u0131r. Ba\u011flant\u0131l\u0131 web sitesinin\/sitelerinin i\u00e7eri\u011finden sorumlu de\u011filiz.<\/p>","protected":false},"excerpt":{"rendered":"<p>Se voc\u00ea continuar navegando e usando este site, concorda em cumprir e ficar vinculado aos seguintes termos e condi\u00e7\u00f5es de uso, que, juntamente com nossa pol\u00edtica de privacidade, regem o relacionamento do Mobsaint com voc\u00ea. Se voc\u00ea discordar de qualquer parte destes termos e condi\u00e7\u00f5es, n\u00e3o use nosso site. O uso deste site est\u00e1 sujeito &#8230; <a title=\"Kullan\u0131m \u015eartlar\u0131\" class=\"read-more\" href=\"https:\/\/mobsaint.com\/tr_eu\/termos-de-uso\/\" aria-label=\"Read more about Termos de Uso\">devam\u0131n\u0131 oku<\/a><\/p>","protected":false},"author":1,"featured_media":0,"parent":0,"menu_order":0,"comment_status":"closed","ping_status":"closed","template":"","meta":{"footnotes":""},"class_list":["post-853","page","type-page","status-publish"],"_links":{"self":[{"href":"https:\/\/mobsaint.com\/tr_eu\/wp-json\/wp\/v2\/pages\/853","targetHints":{"allow":["GET"]}}],"collection":[{"href":"https:\/\/mobsaint.com\/tr_eu\/wp-json\/wp\/v2\/pages"}],"about":[{"href":"https:\/\/mobsaint.com\/tr_eu\/wp-json\/wp\/v2\/types\/page"}],"author":[{"embeddable":true,"href":"https:\/\/mobsaint.com\/tr_eu\/wp-json\/wp\/v2\/users\/1"}],"replies":[{"embeddable":true,"href":"https:\/\/mobsaint.com\/tr_eu\/wp-json\/wp\/v2\/comments?post=853"}],"version-history":[{"count":1,"href":"https:\/\/mobsaint.com\/tr_eu\/wp-json\/wp\/v2\/pages\/853\/revisions"}],"predecessor-version":[{"id":854,"href":"https:\/\/mobsaint.com\/tr_eu\/wp-json\/wp\/v2\/pages\/853\/revisions\/854"}],"wp:attachment":[{"href":"https:\/\/mobsaint.com\/tr_eu\/wp-json\/wp\/v2\/media?parent=853"}],"curies":[{"name":"wp","href":"https:\/\/api.w.org\/{rel}","templated":true}]}}