{"id":2,"date":"2025-02-02T00:25:08","date_gmt":"2025-02-02T00:25:08","guid":{"rendered":"http:\/\/mobsaint.com\/?page_id=2"},"modified":"2025-02-02T02:57:33","modified_gmt":"2025-02-02T02:57:33","slug":"feragatname","status":"publish","type":"page","link":"https:\/\/mobsaint.com\/tr\/disclaimer\/","title":{"rendered":"Sorumluluk reddi"},"content":{"rendered":"<p>Bu web sitesini ve taraf\u0131m\u0131zca sunulan ilgili uygulamalar\u0131 veya hizmetleri kullanman\u0131z a\u015fa\u011f\u0131daki h\u00fck\u00fcm ve ko\u015fullara tabidir. Web sitemize eri\u015ferek veya web sitemizi kullanarak, bu \u015fartlara uymay\u0131 ve bu \u015fartlara ba\u011fl\u0131 kalmay\u0131 kabul etmi\u015f olursunuz. Bu \u015fartlar\u0131n herhangi bir k\u0131sm\u0131n\u0131 kabul etmiyorsan\u0131z l\u00fctfen bu web sitesini kullanmay\u0131n\u0131z.<\/p>\n\n\n\n<ol class=\"wp-block-list\">\n<li><strong>Fikri M\u00fclkiyet:<\/strong> Bu sitede sunulan t\u00fcm i\u00e7erik, metin, grafik, logo, simge, resim, ses klipleri, dijital indirmeler ve veri derlemeleri dahil ancak bunlarla s\u0131n\u0131rl\u0131 olmamak \u00fczere, m\u00fcnhas\u0131ran bizim veya lisans verenlerimizin m\u00fclkiyetindedir ve telif hakk\u0131 yasalar\u0131yla korunmaktad\u0131r. Telif hakk\u0131 ve Di\u011fer uygulanabilir fikri m\u00fclkiyet yasalar\u0131.<\/li>\n\n\n\n<li><strong>\u0130zin Verilen Kullan\u0131m:<\/strong> Bu web sitesine ki\u015fisel ve ticari olmayan ama\u00e7larla eri\u015febilir ve kullanabilirsiniz. Bu web sitesinin i\u00e7eri\u011finin a\u00e7\u0131k yaz\u0131l\u0131 iznimiz olmaks\u0131z\u0131n herhangi bir ticari ama\u00e7la kullan\u0131lmas\u0131 veya yeniden yay\u0131nlanmas\u0131 kesinlikle yasakt\u0131r.<\/li>\n\n\n\n<li><strong>Yasal Uyar\u0131:<\/strong> Bu web sitesi, a\u00e7\u0131k veya z\u0131mni herhangi bir garanti olmaks\u0131z\u0131n &quot;oldu\u011fu gibi&quot; ve &quot;mevcut oldu\u011fu \u015fekilde&quot; sunulmaktad\u0131r. Bu web sitesinde yer alan i\u00e7eri\u011fin do\u011frulu\u011funu, g\u00fcvenilirli\u011fini veya eksiksizli\u011fini garanti etmiyoruz. Bu siteyi kullanmak tamamen sizin sorumlulu\u011funuzdad\u0131r.<\/li>\n\n\n\n<li><strong>\u00dc\u00e7\u00fcnc\u00fc Taraf Sitelerine Ba\u011flant\u0131lar:<\/strong> Bu web sitesi, bizim kontrol\u00fcm\u00fcz veya i\u015fletmemiz d\u0131\u015f\u0131nda olan \u00fc\u00e7\u00fcnc\u00fc taraf web sitelerine ba\u011flant\u0131lar i\u00e7erebilir. \u00dc\u00e7\u00fcnc\u00fc taraf web sitelerinin i\u00e7eri\u011finden, gizlilik politikalar\u0131ndan veya uygulamalar\u0131ndan sorumlu de\u011filiz. \u00dc\u00e7\u00fcnc\u00fc taraf web sitelerine ba\u011flant\u0131lar\u0131n eklenmesi, s\u00f6z konusu web sitelerindeki herhangi bir i\u00e7eri\u011fin onayland\u0131\u011f\u0131 veya \u00f6nerildi\u011fi anlam\u0131na gelmez.<\/li>\n\n\n\n<li><strong>\u015eartlarda Yap\u0131lan De\u011fi\u015fiklikler:<\/strong> Bu \u015fartlar\u0131 herhangi bir zamanda \u00f6nceden haber vermeden de\u011fi\u015ftirme hakk\u0131n\u0131 sakl\u0131 tutuyoruz. Bu t\u00fcr de\u011fi\u015fikliklerden sonra bu siteyi kullanmaya devam etmeniz, g\u00f6zden ge\u00e7irilmi\u015f \u015fartlar\u0131 kabul etti\u011finiz anlam\u0131na gelir.<\/li>\n\n\n\n<li><strong>Uygulanacak Hukuk:<\/strong> Bu h\u00fck\u00fcm ve ko\u015fullar Brezilya yasalar\u0131na tabidir ve bu yasalara uygun \u015fekilde yorumlan\u0131r. Bu \u015fartlarla ilgili her t\u00fcrl\u00fc uyu\u015fmazl\u0131k, bu yarg\u0131 b\u00f6lgesinde bulunan yetkili mahkemelerin m\u00fcnhas\u0131r yarg\u0131 yetkisine tabi olacakt\u0131r.<\/li>\n<\/ol>\n\n\n\n<p>Bu web sitesini kullanman\u0131z, bu h\u00fck\u00fcm ve ko\u015fullar\u0131 okudu\u011funuzu, anlad\u0131\u011f\u0131n\u0131z\u0131 ve kabul etti\u011finizi kabul etti\u011finiz anlam\u0131na gelir. Bu \u015fartlarla ilgili herhangi bir sorunuz veya endi\u015feniz varsa l\u00fctfen bizimle ileti\u015fime ge\u00e7in.<\/p>","protected":false},"excerpt":{"rendered":"<p>O uso deste site, bem como qualquer aplicativo ou servi\u00e7o relacionado oferecido por n\u00f3s, est\u00e1 sujeito aos seguintes termos e condi\u00e7\u00f5es. Ao acessar ou utilizar nosso site, voc\u00ea concorda em cumprir e ficar vinculado a estes termos. Se voc\u00ea n\u00e3o concordar com qualquer parte destes termos, por favor, n\u00e3o utilize este site. Ao utilizar este &#8230; <a title=\"Sorumluluk reddi\" class=\"read-more\" href=\"https:\/\/mobsaint.com\/tr\/disclaimer\/\" aria-label=\"Read more about Disclaimer\">devam\u0131n\u0131 oku<\/a><\/p>","protected":false},"author":1,"featured_media":0,"parent":0,"menu_order":0,"comment_status":"closed","ping_status":"open","template":"","meta":{"footnotes":""},"class_list":["post-2","page","type-page","status-publish"],"_links":{"self":[{"href":"https:\/\/mobsaint.com\/tr\/wp-json\/wp\/v2\/pages\/2","targetHints":{"allow":["GET"]}}],"collection":[{"href":"https:\/\/mobsaint.com\/tr\/wp-json\/wp\/v2\/pages"}],"about":[{"href":"https:\/\/mobsaint.com\/tr\/wp-json\/wp\/v2\/types\/page"}],"author":[{"embeddable":true,"href":"https:\/\/mobsaint.com\/tr\/wp-json\/wp\/v2\/users\/1"}],"replies":[{"embeddable":true,"href":"https:\/\/mobsaint.com\/tr\/wp-json\/wp\/v2\/comments?post=2"}],"version-history":[{"count":2,"href":"https:\/\/mobsaint.com\/tr\/wp-json\/wp\/v2\/pages\/2\/revisions"}],"predecessor-version":[{"id":852,"href":"https:\/\/mobsaint.com\/tr\/wp-json\/wp\/v2\/pages\/2\/revisions\/852"}],"wp:attachment":[{"href":"https:\/\/mobsaint.com\/tr\/wp-json\/wp\/v2\/media?parent=2"}],"curies":[{"name":"wp","href":"https:\/\/api.w.org\/{rel}","templated":true}]}}