{"id":3,"date":"2025-02-02T00:25:08","date_gmt":"2025-02-02T00:25:08","guid":{"rendered":"http:\/\/mobsaint.com\/?page_id=3"},"modified":"2025-02-02T02:55:08","modified_gmt":"2025-02-02T02:55:08","slug":"sekretesspolicy","status":"publish","type":"page","link":"https:\/\/mobsaint.com\/sv\/politica-de-privacidade\/","title":{"rendered":"Sekretesspolicy"},"content":{"rendered":"<p>V\u00e4lkommen till Mobsaint. Denna integritetspolicy beskriver hur vi samlar in, anv\u00e4nder och delar information om dig n\u00e4r du g\u00e5r in p\u00e5 eller anv\u00e4nder v\u00e5r webbplats.<\/p>\n\n\n\n<ol class=\"wp-block-list\">\n<li>Information vi samlar in personlig information: Vi samlar in personlig information som du frivilligt tillhandah\u00e5ller, s\u00e5som ditt namn, e-postadress och annan kontaktinformation n\u00e4r du registrerar dig f\u00f6r uppdateringar eller p\u00e5 annat s\u00e4tt kommunicerar med oss. Anv\u00e4ndningsdata: Vi samlar automatiskt in information om hur du kommer \u00e5t och anv\u00e4nder webbplatsen, inklusive din enhetstyp, webbl\u00e4sare, bes\u00f6kta sidor, klick, anv\u00e4ndningsm\u00f6nster och annan anv\u00e4ndningsinformation. Cookies och sp\u00e5rningstekniker: Vi anv\u00e4nder cookies och sp\u00e5rningstekniker f\u00f6r att anpassa din upplevelse och samla in data om din interaktion med webbplatsen och de annonser som visas.<\/li>\n\n\n\n<li>Anv\u00e4ndning av information Vi anv\u00e4nder din information f\u00f6r att:<\/li>\n<\/ol>\n\n\n\n<p>Tillhandah\u00e5lla, underh\u00e5lla och f\u00f6rb\u00e4ttra v\u00e5r webbplats och tj\u00e4nster. Kommunicera med dig, svara p\u00e5 dina fr\u00e5gor och f\u00f6rfr\u00e5gningar. Visa personliga annonser och utf\u00f6r dataanalys.<\/p>\n\n\n\n<ol class=\"wp-block-list\" start=\"3\">\n<li>Informationsdelning Vi kan komma att dela din information med tredje part under f\u00f6ljande omst\u00e4ndigheter:<\/li>\n<\/ol>\n\n\n\n<p>Tj\u00e4nsteleverant\u00f6rer: Vi delar information med leverant\u00f6rer som hj\u00e4lper oss att driva webbplatsen, s\u00e5som webbhotell och dataanalys. Google Ad Exchange: Vid behov f\u00f6r att visa annonser via Google Ad Exchange. Juridisk efterlevnad: N\u00e4r det \u00e4r n\u00f6dv\u00e4ndigt f\u00f6r att f\u00f6lja lagen eller svara p\u00e5 juridisk process.<\/p>\n\n\n\n<ol class=\"wp-block-list\" start=\"4\">\n<li>Google AdSense I enlighet med Google AdSense-villkoren informerar vi dig om att Google, som en tredjepartsleverant\u00f6r, anv\u00e4nder cookies f\u00f6r att visa annonser p\u00e5 v\u00e5r webbplats. Googles anv\u00e4ndning av DART-cookien g\u00f6r att den kan visa annonser till v\u00e5ra anv\u00e4ndare baserat p\u00e5 deras tidigare bes\u00f6k p\u00e5 v\u00e5r webbplats och andra webbplatser p\u00e5 Internet. Anv\u00e4ndare kan v\u00e4lja bort anv\u00e4ndningen av DART-cookien genom att bes\u00f6ka Googles sekretesspolicy f\u00f6r annonser och inneh\u00e5llsn\u00e4tverk.<\/li>\n\n\n\n<li>\u00c4ndringar av integritetspolicyn Vi kan uppdatera v\u00e5r integritetspolicy d\u00e5 och d\u00e5. Vi kommer att meddela dig om eventuella \u00e4ndringar genom att publicera den nya integritetspolicyn p\u00e5 denna sida.<\/li>\n\n\n\n<li>Kontakta Om du har n\u00e5gra fr\u00e5gor om denna integritetspolicy, v\u00e4nligen kontakta oss.<\/li>\n<\/ol>","protected":false},"excerpt":{"rendered":"<p>Bem-vindo ao Mobsaint. Esta pol\u00edtica de privacidade descreve como coletamos, usamos e compartilhamos informa\u00e7\u00f5es sobre voc\u00ea quando acessa ou usa nosso site. Fornecer, manter e melhorar nosso site e servi\u00e7os. Comunicar-nos com voc\u00ea, responder suas perguntas e solicita\u00e7\u00f5es. Exibir an\u00fancios personalizados e realizar an\u00e1lises de dados. Fornecedores de Servi\u00e7os: Compartilhamos informa\u00e7\u00f5es com fornecedores que nos &#8230; <a title=\"Sekretesspolicy\" class=\"read-more\" href=\"https:\/\/mobsaint.com\/sv\/politica-de-privacidade\/\" aria-label=\"L\u00e4s mer om Pol\u00edtica de Privacidade\">l\u00e4s mer<\/a><\/p>","protected":false},"author":1,"featured_media":0,"parent":0,"menu_order":0,"comment_status":"closed","ping_status":"closed","template":"","meta":{"footnotes":""},"class_list":["post-3","page","type-page","status-publish"],"_links":{"self":[{"href":"https:\/\/mobsaint.com\/sv\/wp-json\/wp\/v2\/pages\/3","targetHints":{"allow":["GET"]}}],"collection":[{"href":"https:\/\/mobsaint.com\/sv\/wp-json\/wp\/v2\/pages"}],"about":[{"href":"https:\/\/mobsaint.com\/sv\/wp-json\/wp\/v2\/types\/page"}],"author":[{"embeddable":true,"href":"https:\/\/mobsaint.com\/sv\/wp-json\/wp\/v2\/users\/1"}],"replies":[{"embeddable":true,"href":"https:\/\/mobsaint.com\/sv\/wp-json\/wp\/v2\/comments?post=3"}],"version-history":[{"count":2,"href":"https:\/\/mobsaint.com\/sv\/wp-json\/wp\/v2\/pages\/3\/revisions"}],"predecessor-version":[{"id":850,"href":"https:\/\/mobsaint.com\/sv\/wp-json\/wp\/v2\/pages\/3\/revisions\/850"}],"wp:attachment":[{"href":"https:\/\/mobsaint.com\/sv\/wp-json\/wp\/v2\/media?parent=3"}],"curies":[{"name":"wp","href":"https:\/\/api.w.org\/{rel}","templated":true}]}}