{"id":2,"date":"2025-02-02T00:25:08","date_gmt":"2025-02-02T00:25:08","guid":{"rendered":"http:\/\/mobsaint.com\/?page_id=2"},"modified":"2025-02-02T02:57:33","modified_gmt":"2025-02-02T02:57:33","slug":"zavrnitev-odgovornosti","status":"publish","type":"page","link":"https:\/\/mobsaint.com\/sl\/disclaimer\/","title":{"rendered":"Zavrnitev odgovornosti"},"content":{"rendered":"<p>Za va\u0161o uporabo tega spletnega mesta, kot tudi vseh povezanih aplikacij ali storitev, ki jih ponujamo, veljajo naslednji pogoji. Z dostopom ali uporabo na\u0161ega spletnega mesta se strinjate, da boste upo\u0161tevali te pogoje in vas zavezujejo. \u010ce se ne strinjate s katerim koli delom teh pogojev, vas prosimo, da ne uporabljate te spletne strani.<\/p>\n\n\n\n<ol class=\"wp-block-list\">\n<li><strong>Intelektualna lastnina:<\/strong> Vsa vsebina, predstavljena na tem spletnem mestu, vklju\u010dno z besedilom, grafiko, logotipi, ikonami, slikami, zvo\u010dnimi posnetki, digitalnimi prenosi in zbirkami podatkov, vendar ne omejeno nanje, je izklju\u010dna last nas ali na\u0161ih dajalcev licence in je za\u0161\u010ditena z avtorskimi pravicami in drugimi veljavnimi zakoni o intelektualni lastnini.<\/li>\n\n\n\n<li><strong>Dovoljena uporaba:<\/strong> Do te spletne strani lahko dostopate in jo uporabljate za osebne, nekomercialne namene. Kakr\u0161na koli komercialna uporaba ali ponovna objava vsebine te spletne strani brez na\u0161ega izrecnega pisnega dovoljenja je strogo prepovedana.<\/li>\n\n\n\n<li><strong>Zavrnitev odgovornosti:<\/strong> To spletno mesto je na voljo \u00bbtak\u0161no kot je\u00ab in \u00bbkot je na voljo\u00ab brez kakr\u0161nega koli jamstva, izrecnega ali implicitnega. Ne jam\u010dimo za to\u010dnost, zanesljivost ali popolnost vsebine na tej spletni strani. Uporaba te strani je na lastno odgovornost.<\/li>\n\n\n\n<li><strong>Povezave do spletnih mest tretjih oseb:<\/strong> To spletno mesto lahko vsebuje povezave do spletnih mest tretjih oseb, ki jih ne nadzorujemo ali upravljamo. Nismo odgovorni za vsebino, pravilnike o zasebnosti ali prakse spletnih mest tretjih oseb. Vklju\u010ditev povezav do spletnih mest tretjih oseb ne pomeni odobritve ali priporo\u010dila katere koli vsebine na takih spletnih mestih.<\/li>\n\n\n\n<li><strong>Spremembe pogojev:<\/strong> Pridr\u017eujemo si pravico do spremembe teh pogojev kadar koli brez predhodnega obvestila. Va\u0161a nadaljnja uporaba tega mesta po tak\u0161nih spremembah pomeni, da se strinjate s spremenjenimi pogoji.<\/li>\n\n\n\n<li><strong>Veljavno pravo:<\/strong> Ta dolo\u010dila in pogoji urejajo brazilski zakoni in so razlo\u017eeni v skladu z njimi. Vsi spori v zvezi s temi pogoji bodo predlo\u017eeni v izklju\u010dno pristojnost pristojnih sodi\u0161\u010d, ki se nahajajo v tej jurisdikciji.<\/li>\n<\/ol>\n\n\n\n<p>Z uporabo te spletne strani potrjujete, da ste prebrali, razumeli in se z njimi strinjali. \u010ce imate kakr\u0161na koli vpra\u0161anja ali pomisleke glede teh pogojev, se obrnite na nas.<\/p>","protected":false},"excerpt":{"rendered":"<p>O uso deste site, bem como qualquer aplicativo ou servi\u00e7o relacionado oferecido por n\u00f3s, est\u00e1 sujeito aos seguintes termos e condi\u00e7\u00f5es. Ao acessar ou utilizar nosso site, voc\u00ea concorda em cumprir e ficar vinculado a estes termos. Se voc\u00ea n\u00e3o concordar com qualquer parte destes termos, por favor, n\u00e3o utilize este site. Ao utilizar este &#8230; <a title=\"Zavrnitev odgovornosti\" class=\"read-more\" href=\"https:\/\/mobsaint.com\/sl\/disclaimer\/\" aria-label=\"Read more about Disclaimer\">preberi ve\u010d<\/a><\/p>","protected":false},"author":1,"featured_media":0,"parent":0,"menu_order":0,"comment_status":"closed","ping_status":"open","template":"","meta":{"footnotes":""},"class_list":["post-2","page","type-page","status-publish"],"_links":{"self":[{"href":"https:\/\/mobsaint.com\/sl\/wp-json\/wp\/v2\/pages\/2","targetHints":{"allow":["GET"]}}],"collection":[{"href":"https:\/\/mobsaint.com\/sl\/wp-json\/wp\/v2\/pages"}],"about":[{"href":"https:\/\/mobsaint.com\/sl\/wp-json\/wp\/v2\/types\/page"}],"author":[{"embeddable":true,"href":"https:\/\/mobsaint.com\/sl\/wp-json\/wp\/v2\/users\/1"}],"replies":[{"embeddable":true,"href":"https:\/\/mobsaint.com\/sl\/wp-json\/wp\/v2\/comments?post=2"}],"version-history":[{"count":2,"href":"https:\/\/mobsaint.com\/sl\/wp-json\/wp\/v2\/pages\/2\/revisions"}],"predecessor-version":[{"id":852,"href":"https:\/\/mobsaint.com\/sl\/wp-json\/wp\/v2\/pages\/2\/revisions\/852"}],"wp:attachment":[{"href":"https:\/\/mobsaint.com\/sl\/wp-json\/wp\/v2\/media?parent=2"}],"curies":[{"name":"delovni list","href":"https:\/\/api.w.org\/{rel}","templated":true}]}}