{"id":2,"date":"2025-02-02T00:25:08","date_gmt":"2025-02-02T00:25:08","guid":{"rendered":"http:\/\/mobsaint.com\/?page_id=2"},"modified":"2025-02-02T02:57:33","modified_gmt":"2025-02-02T02:57:33","slug":"declinare-a-raspunderii","status":"publish","type":"page","link":"https:\/\/mobsaint.com\/ro\/disclaimer\/","title":{"rendered":"Disclaimer"},"content":{"rendered":"<p>Utilizarea de c\u0103tre dumneavoastr\u0103 a acestui site web, precum \u0219i a oric\u0103ror aplica\u021bii sau servicii conexe oferite de noi, se supune urm\u0103torilor termeni \u0219i condi\u021bii. Prin accesarea sau utilizarea site-ului nostru web, sunte\u021bi de acord s\u0103 respecta\u021bi \u0219i s\u0103 fi\u021bi legat de ace\u0219ti termeni. Dac\u0103 nu sunte\u021bi de acord cu vreo parte a acestor termeni, v\u0103 rug\u0103m s\u0103 nu utiliza\u021bi acest site web.<\/p>\n\n\n\n<ol class=\"wp-block-list\">\n<li><strong>Proprietate intelectual\u0103:<\/strong> Tot con\u021binutul prezentat pe acest site web, inclusiv, dar f\u0103r\u0103 a se limita la, text, grafic\u0103, logo-uri, pictograme, imagini, clipuri audio, desc\u0103rc\u0103ri digitale \u0219i compila\u021bii de date, este proprietatea exclusiv\u0103 a noastr\u0103 sau a licen\u021biatorilor no\u0219tri \u0219i este protejat de drepturile de autor \u0219i alte legi aplicabile privind proprietatea intelectual\u0103.<\/li>\n\n\n\n<li><strong>Utilizare permis\u0103:<\/strong> Pute\u021bi accesa \u0219i utiliza acest site web \u00een scopuri personale, necomerciale. Orice utilizare comercial\u0103 sau republicare a con\u021binutului acestui site f\u0103r\u0103 permisiunea noastr\u0103 expres\u0103 \u00een scris este strict interzis\u0103.<\/li>\n\n\n\n<li><strong>Disclaimer:<\/strong> Acest site web este furnizat \u201eca atare\u201d \u0219i \u201ea\u0219a cum este disponibil\u201d, f\u0103r\u0103 garan\u021bii de niciun fel, fie exprese, fie implicite. Nu garant\u0103m acurate\u021bea, fiabilitatea sau integralitatea con\u021binutului de pe acest site web. Utilizarea acestui site este pe propriul risc.<\/li>\n\n\n\n<li><strong>Link-uri c\u0103tre site-uri ter\u021be:<\/strong> Acest site web poate con\u021bine link-uri c\u0103tre site-uri web ter\u021be care nu sunt controlate sau operate de noi. Nu suntem responsabili pentru con\u021binutul, politicile de confiden\u021bialitate sau practicile site-urilor web ale ter\u021bilor. Includerea de link-uri c\u0103tre site-uri web ale ter\u021bilor nu implic\u0103 aprobarea sau recomandarea niciunui con\u021binut de pe astfel de site-uri web.<\/li>\n\n\n\n<li><strong>Modific\u0103ri ale Termenilor:<\/strong> Ne rezerv\u0103m dreptul de a modifica ace\u0219ti termeni \u00een orice moment f\u0103r\u0103 notificare. Continuarea utiliz\u0103rii acestui site dup\u0103 astfel de modific\u0103ri constituie acordul dumneavoastr\u0103 cu termenii revizui\u021bi.<\/li>\n\n\n\n<li><strong>Legea aplicabila:<\/strong> Ace\u0219ti termeni \u0219i condi\u021bii sunt guverna\u021bi \u0219i interpreta\u021bi \u00een conformitate cu legile din Brazilia. Orice litigiu legat de acesti termeni va fi supus jurisdictiei exclusive a instantelor competente situate in aceasta jurisdictie.<\/li>\n<\/ol>\n\n\n\n<p>Prin utilizarea acestui site web, confirma\u021bi c\u0103 a\u021bi citit, \u00een\u021beles \u0219i sunte\u021bi de acord cu ace\u0219ti termeni \u0219i condi\u021bii. Dac\u0103 ave\u021bi \u00eentreb\u0103ri sau nel\u0103muriri cu privire la ace\u0219ti termeni, v\u0103 rug\u0103m s\u0103 ne contacta\u021bi.<\/p>","protected":false},"excerpt":{"rendered":"<p>O uso deste site, bem como qualquer aplicativo ou servi\u00e7o relacionado oferecido por n\u00f3s, est\u00e1 sujeito aos seguintes termos e condi\u00e7\u00f5es. Ao acessar ou utilizar nosso site, voc\u00ea concorda em cumprir e ficar vinculado a estes termos. Se voc\u00ea n\u00e3o concordar com qualquer parte destes termos, por favor, n\u00e3o utilize este site. Ao utilizar este &#8230; <a title=\"Disclaimer\" class=\"read-more\" href=\"https:\/\/mobsaint.com\/ro\/disclaimer\/\" aria-label=\"Cite\u0219te mai multe despre Disclaimer\">cite\u015fte mai mult<\/a><\/p>","protected":false},"author":1,"featured_media":0,"parent":0,"menu_order":0,"comment_status":"closed","ping_status":"open","template":"","meta":{"footnotes":""},"class_list":["post-2","page","type-page","status-publish"],"_links":{"self":[{"href":"https:\/\/mobsaint.com\/ro\/wp-json\/wp\/v2\/pages\/2","targetHints":{"allow":["GET"]}}],"collection":[{"href":"https:\/\/mobsaint.com\/ro\/wp-json\/wp\/v2\/pages"}],"about":[{"href":"https:\/\/mobsaint.com\/ro\/wp-json\/wp\/v2\/types\/page"}],"author":[{"embeddable":true,"href":"https:\/\/mobsaint.com\/ro\/wp-json\/wp\/v2\/users\/1"}],"replies":[{"embeddable":true,"href":"https:\/\/mobsaint.com\/ro\/wp-json\/wp\/v2\/comments?post=2"}],"version-history":[{"count":2,"href":"https:\/\/mobsaint.com\/ro\/wp-json\/wp\/v2\/pages\/2\/revisions"}],"predecessor-version":[{"id":852,"href":"https:\/\/mobsaint.com\/ro\/wp-json\/wp\/v2\/pages\/2\/revisions\/852"}],"wp:attachment":[{"href":"https:\/\/mobsaint.com\/ro\/wp-json\/wp\/v2\/media?parent=2"}],"curies":[{"name":"wp","href":"https:\/\/api.w.org\/{rel}","templated":true}]}}