{"id":2,"date":"2025-02-02T00:25:08","date_gmt":"2025-02-02T00:25:08","guid":{"rendered":"http:\/\/mobsaint.com\/?page_id=2"},"modified":"2025-02-02T02:57:33","modified_gmt":"2025-02-02T02:57:33","slug":"zastrzezenie","status":"publish","type":"page","link":"https:\/\/mobsaint.com\/pl\/disclaimer\/","title":{"rendered":"Zastrze\u017cenie"},"content":{"rendered":"<p>Korzystanie z tej witryny internetowej, a tak\u017ce wszelkich powi\u0105zanych z ni\u0105 aplikacji lub us\u0142ug oferowanych przez nas, podlega nast\u0119puj\u0105cym warunkom. Uzyskuj\u0105c dost\u0119p do naszej witryny internetowej lub korzystaj\u0105c z niej, zgadzasz si\u0119 przestrzega\u0107 niniejszych warunk\u00f3w i by\u0107 nimi zwi\u0105zanym. Je\u017celi nie zgadzasz si\u0119 z jak\u0105kolwiek cz\u0119\u015bci\u0105 niniejszych warunk\u00f3w, prosimy nie korzysta\u0107 z tej witryny internetowej.<\/p>\n\n\n\n<ol class=\"wp-block-list\">\n<li><strong>W\u0142asno\u015b\u0107 intelektualna:<\/strong> Wszelka zawarto\u015b\u0107 prezentowana na tej stronie internetowej, w tym mi\u0119dzy innymi tekst, grafika, logo, ikony, obrazy, klipy audio, pliki do pobrania i kompilacje danych, stanowi\u0105 wy\u0142\u0105czn\u0105 w\u0142asno\u015b\u0107 nasz\u0105 lub naszych licencjodawc\u00f3w i s\u0105 chronione prawem autorskim oraz innymi obowi\u0105zuj\u0105cymi prawami w\u0142asno\u015bci intelektualnej.<\/li>\n\n\n\n<li><strong>Dozwolone u\u017cycie:<\/strong> Mo\u017cesz uzyska\u0107 dost\u0119p do tej witryny internetowej i korzysta\u0107 z niej w celach osobistych i niekomercyjnych. Jakiekolwiek komercyjne wykorzystanie lub ponowne publikowanie zawarto\u015bci tej witryny internetowej bez naszej wyra\u017anej pisemnej zgody jest surowo zabronione.<\/li>\n\n\n\n<li><strong>Zastrze\u017cenie:<\/strong> Niniejsza strona internetowa jest udost\u0119pniana \u201ew stanie, w jakim si\u0119 znajduje\u201d i \u201ew miar\u0119 dost\u0119pno\u015bci\u201d, bez jakiejkolwiek gwarancji, wyra\u017anej lub dorozumianej. Nie gwarantujemy dok\u0142adno\u015bci, wiarygodno\u015bci ani kompletno\u015bci tre\u015bci zawartych na tej stronie internetowej. Korzystasz z tej witryny na w\u0142asne ryzyko.<\/li>\n\n\n\n<li><strong>Linki do stron trzecich:<\/strong> Niniejsza strona internetowa mo\u017ce zawiera\u0107 linki do stron internetowych os\u00f3b trzecich, kt\u00f3re nie s\u0105 przez nas kontrolowane ani obs\u0142ugiwane. Nie ponosimy odpowiedzialno\u015bci za tre\u015b\u0107, polityk\u0119 prywatno\u015bci ani praktyki stosowane przez strony internetowe os\u00f3b trzecich. Zamieszczenie link\u00f3w do stron internetowych os\u00f3b trzecich nie oznacza poparcia ani rekomendacji tre\u015bci zawartych na tych stronach.<\/li>\n\n\n\n<li><strong>Zmiany w Warunkach:<\/strong> Zastrzegamy sobie prawo do zmiany niniejszych warunk\u00f3w w dowolnym momencie i bez powiadomienia. Dalsze korzystanie z witryny po wprowadzeniu takich zmian oznacza zgod\u0119 na zmienione warunki.<\/li>\n\n\n\n<li><strong>Prawo w\u0142a\u015bciwe:<\/strong> Niniejsze warunki podlegaj\u0105 prawu brazylijskiemu i zgodnie z nim b\u0119d\u0105 interpretowane. Wszelkie spory zwi\u0105zane z niniejszymi warunkami b\u0119d\u0105 rozstrzygane wy\u0142\u0105cznie przez w\u0142a\u015bciwe s\u0105dy w tej jurysdykcji.<\/li>\n<\/ol>\n\n\n\n<p>Korzystaj\u0105c z tej witryny internetowej, potwierdzasz, \u017ce przeczyta\u0142e\u015b, zrozumia\u0142e\u015b i akceptujesz niniejsze warunki. Je\u015bli masz jakiekolwiek pytania lub w\u0105tpliwo\u015bci dotycz\u0105ce niniejszych warunk\u00f3w, skontaktuj si\u0119 z nami.<\/p>","protected":false},"excerpt":{"rendered":"<p>O uso deste site, bem como qualquer aplicativo ou servi\u00e7o relacionado oferecido por n\u00f3s, est\u00e1 sujeito aos seguintes termos e condi\u00e7\u00f5es. Ao acessar ou utilizar nosso site, voc\u00ea concorda em cumprir e ficar vinculado a estes termos. Se voc\u00ea n\u00e3o concordar com qualquer parte destes termos, por favor, n\u00e3o utilize este site. Ao utilizar este &#8230; <a title=\"Zastrze\u017cenie\" class=\"read-more\" href=\"https:\/\/mobsaint.com\/pl\/disclaimer\/\" aria-label=\"Dowiedz si\u0119 wi\u0119cej o Disclaimer\">czytaj wi\u0119cej<\/a><\/p>","protected":false},"author":1,"featured_media":0,"parent":0,"menu_order":0,"comment_status":"closed","ping_status":"open","template":"","meta":{"footnotes":""},"class_list":["post-2","page","type-page","status-publish"],"_links":{"self":[{"href":"https:\/\/mobsaint.com\/pl\/wp-json\/wp\/v2\/pages\/2","targetHints":{"allow":["GET"]}}],"collection":[{"href":"https:\/\/mobsaint.com\/pl\/wp-json\/wp\/v2\/pages"}],"about":[{"href":"https:\/\/mobsaint.com\/pl\/wp-json\/wp\/v2\/types\/page"}],"author":[{"embeddable":true,"href":"https:\/\/mobsaint.com\/pl\/wp-json\/wp\/v2\/users\/1"}],"replies":[{"embeddable":true,"href":"https:\/\/mobsaint.com\/pl\/wp-json\/wp\/v2\/comments?post=2"}],"version-history":[{"count":2,"href":"https:\/\/mobsaint.com\/pl\/wp-json\/wp\/v2\/pages\/2\/revisions"}],"predecessor-version":[{"id":852,"href":"https:\/\/mobsaint.com\/pl\/wp-json\/wp\/v2\/pages\/2\/revisions\/852"}],"wp:attachment":[{"href":"https:\/\/mobsaint.com\/pl\/wp-json\/wp\/v2\/media?parent=2"}],"curies":[{"name":"wp","href":"https:\/\/api.w.org\/{rel}","templated":true}]}}