{"id":853,"date":"2025-02-02T02:58:27","date_gmt":"2025-02-02T02:58:27","guid":{"rendered":"https:\/\/mobsaint.com\/?page_id=853"},"modified":"2025-02-02T02:58:28","modified_gmt":"2025-02-02T02:58:28","slug":"naudojimo-salygos","status":"publish","type":"page","link":"https:\/\/mobsaint.com\/lt\/termos-de-uso\/","title":{"rendered":"Naudojimo s\u0105lygos"},"content":{"rendered":"<p>Jei ir toliau nar\u0161ote ir naudojat\u0117s \u0161ioje svetain\u0117je, sutinkate laikytis ir b\u016bti \u012fpareigoti \u0161i\u0173 naudojimo s\u0105lyg\u0173, kurios kartu su m\u016bs\u0173 privatumo politika reglamentuoja m\u016bs\u0173 santykius su jumis. <strong>Mobsaint<\/strong> kaip tu.<\/p>\n<p>Jei nesutinkate su kuria nors \u0161i\u0173 taisykli\u0173 ir s\u0105lyg\u0173 dalimi, nesinaudokite m\u016bs\u0173 svetaine.<\/p>\n<p>Naudojantis \u0161ia svetaine, taikomos \u0161ios naudojimo s\u0105lygos:<\/p>\n<p>\u0160ios svetain\u0117s puslapi\u0173 turinys skirtas tik bendrajai informacijai ir naudojimui. Galimi pakeitimai be \u012fsp\u0117jimo. Nei mes, nei jokios tre\u010diosios \u0161alys nesuteikiame joki\u0173 garantij\u0173 d\u0117l \u0161ioje svetain\u0117je rastos ar si\u016blomos informacijos ir med\u017eiagos tikslumo, savalaiki\u0161kumo, na\u0161umo, i\u0161samumo ar tinkamumo jokiam konkre\u010diam tikslui. Bet kokios informacijos ar med\u017eiagos naudojimas \u0161ioje svetain\u0117je yra j\u016bs\u0173 pa\u010di\u0173 rizika, u\u017e kuri\u0105 mes neprisiimame atsakomyb\u0117s. Retkar\u010diais \u0161ioje svetain\u0117je taip pat gali b\u016bti nuorod\u0173 \u012f kitas svetaines. \u0160ios nuorodos pateikiamos j\u016bs\u0173 patogumui, kad b\u016bt\u0173 galima pateikti daugiau informacijos. Mes nesame atsakingi u\u017e susietos (-i\u0173) svetain\u0117s (-i\u0173) turin\u012f.<\/p>","protected":false},"excerpt":{"rendered":"<p>Se voc\u00ea continuar navegando e usando este site, concorda em cumprir e ficar vinculado aos seguintes termos e condi\u00e7\u00f5es de uso, que, juntamente com nossa pol\u00edtica de privacidade, regem o relacionamento do Mobsaint com voc\u00ea. Se voc\u00ea discordar de qualquer parte destes termos e condi\u00e7\u00f5es, n\u00e3o use nosso site. O uso deste site est\u00e1 sujeito &#8230; <a title=\"Naudojimo s\u0105lygos\" class=\"read-more\" href=\"https:\/\/mobsaint.com\/lt\/termos-de-uso\/\" aria-label=\"Read more about Termos de Uso\">skaityti daugiau<\/a><\/p>","protected":false},"author":1,"featured_media":0,"parent":0,"menu_order":0,"comment_status":"closed","ping_status":"closed","template":"","meta":{"footnotes":""},"class_list":["post-853","page","type-page","status-publish"],"_links":{"self":[{"href":"https:\/\/mobsaint.com\/lt\/wp-json\/wp\/v2\/pages\/853","targetHints":{"allow":["GET"]}}],"collection":[{"href":"https:\/\/mobsaint.com\/lt\/wp-json\/wp\/v2\/pages"}],"about":[{"href":"https:\/\/mobsaint.com\/lt\/wp-json\/wp\/v2\/types\/page"}],"author":[{"embeddable":true,"href":"https:\/\/mobsaint.com\/lt\/wp-json\/wp\/v2\/users\/1"}],"replies":[{"embeddable":true,"href":"https:\/\/mobsaint.com\/lt\/wp-json\/wp\/v2\/comments?post=853"}],"version-history":[{"count":1,"href":"https:\/\/mobsaint.com\/lt\/wp-json\/wp\/v2\/pages\/853\/revisions"}],"predecessor-version":[{"id":854,"href":"https:\/\/mobsaint.com\/lt\/wp-json\/wp\/v2\/pages\/853\/revisions\/854"}],"wp:attachment":[{"href":"https:\/\/mobsaint.com\/lt\/wp-json\/wp\/v2\/media?parent=853"}],"curies":[{"name":"wp","href":"https:\/\/api.w.org\/{rel}","templated":true}]}}