{"id":2,"date":"2025-02-02T00:25:08","date_gmt":"2025-02-02T00:25:08","guid":{"rendered":"http:\/\/mobsaint.com\/?page_id=2"},"modified":"2025-02-02T02:57:33","modified_gmt":"2025-02-02T02:57:33","slug":"atsisakymas","status":"publish","type":"page","link":"https:\/\/mobsaint.com\/lt\/disclaimer\/","title":{"rendered":"Atsisakymas"},"content":{"rendered":"<p>Naudodami \u0161i\u0105 svetain\u0119, taip pat su visomis susijusiomis m\u016bs\u0173 si\u016blomomis programomis ar paslaugomis, taikomos toliau nurodytos s\u0105lygos. Prisijungdami prie m\u016bs\u0173 svetain\u0117s ar naudodamiesi ja sutinkate laikytis \u0161i\u0173 s\u0105lyg\u0173 ir b\u016bti j\u0173 \u012fpareigoti. Jei nesutinkate su kuria nors \u0161i\u0173 s\u0105lyg\u0173 dalimi, nesinaudokite \u0161ia svetaine.<\/p>\n\n\n\n<ol class=\"wp-block-list\">\n<li><strong>Intelektin\u0117 nuosavyb\u0117:<\/strong> Visas \u0161ioje svetain\u0117je pateiktas turinys, \u012fskaitant, bet tuo neapsiribojant, tekst\u0105, grafik\u0105, logotipus, piktogramas, vaizdus, garso klipus, skaitmeninius atsisiuntimus ir duomen\u0173 rinkinius, yra i\u0161skirtin\u0117 m\u016bs\u0173 arba m\u016bs\u0173 licencij\u0173 i\u0161dav\u0117j\u0173 nuosavyb\u0117 ir yra saugoma autori\u0173 teisi\u0173 ir kit\u0173 taikom\u0173 intelektin\u0117s nuosavyb\u0117s \u012fstatym\u0173.<\/li>\n\n\n\n<li><strong>Leid\u017eiamas naudojimas:<\/strong> \u0160i\u0105 svetain\u0119 galite pasiekti ir naudoti asmeniniais, nekomerciniais tikslais. Bet koks \u0161ios svetain\u0117s turinio komercinis naudojimas ar publikavimas be m\u016bs\u0173 ai\u0161kaus ra\u0161ti\u0161ko leidimo yra grie\u017etai draud\u017eiamas.<\/li>\n\n\n\n<li><strong>Atsisakymas:<\/strong> \u0160i svetain\u0117 pateikiama \u201etokia, kokia yra\u201c ir \u201ekaip prieinama\u201c, be jokios tiesiogin\u0117s ar numanomos garantijos. Mes negarantuojame \u0161ios svetain\u0117s turinio tikslumo, patikimumo ar i\u0161samumo. \u0160ia svetaine naudojat\u0117s savo pa\u010di\u0173 rizika.<\/li>\n\n\n\n<li><strong>Nuorodos \u012f tre\u010di\u0173j\u0173 \u0161ali\u0173 svetaines:<\/strong> \u0160ioje svetain\u0117je gali b\u016bti nuorod\u0173 \u012f tre\u010di\u0173j\u0173 \u0161ali\u0173 svetaines, kuri\u0173 mes nevaldome ir nevaldome. Mes nesame atsakingi u\u017e tre\u010di\u0173j\u0173 \u0161ali\u0173 svetaini\u0173 turin\u012f, privatumo politik\u0105 ar praktik\u0105. Nuorod\u0173 \u012f tre\u010di\u0173j\u0173 \u0161ali\u0173 svetaines \u012ftraukimas nerei\u0161kia, kad tokiose svetain\u0117se palaikomas ar rekomenduojamas joks turinys.<\/li>\n\n\n\n<li><strong>S\u0105lyg\u0173 pakeitimai:<\/strong> Pasiliekame teis\u0119 bet kuriuo metu be \u012fsp\u0117jimo keisti \u0161ias s\u0105lygas. J\u016bs\u0173 tolesnis naudojimasis \u0161ia svetaine po toki\u0173 pakeitim\u0173 rei\u0161kia, kad sutinkate su per\u017ei\u016br\u0117tomis s\u0105lygomis.<\/li>\n\n\n\n<li><strong>Taikytina teis\u0117:<\/strong> \u0160ios s\u0105lygos yra reglamentuojamos ir ai\u0161kinamos pagal Brazilijos \u012fstatymus. Bet koks gin\u010das, susij\u0119s su \u0161iomis s\u0105lygomis, bus perduotas i\u0161imtinei \u0161ioje jurisdikcijoje esan\u010di\u0173 kompetenting\u0173 teism\u0173 jurisdikcijai.<\/li>\n<\/ol>\n\n\n\n<p>Naudodamiesi \u0161ia svetaine patvirtinate, kad perskait\u0117te, supratote ir sutinkate su \u0161iomis s\u0105lygomis. Jei turite klausim\u0173 ar neai\u0161kum\u0173 d\u0117l \u0161i\u0173 s\u0105lyg\u0173, susisiekite su mumis.<\/p>","protected":false},"excerpt":{"rendered":"<p>O uso deste site, bem como qualquer aplicativo ou servi\u00e7o relacionado oferecido por n\u00f3s, est\u00e1 sujeito aos seguintes termos e condi\u00e7\u00f5es. Ao acessar ou utilizar nosso site, voc\u00ea concorda em cumprir e ficar vinculado a estes termos. Se voc\u00ea n\u00e3o concordar com qualquer parte destes termos, por favor, n\u00e3o utilize este site. Ao utilizar este &#8230; <a title=\"Atsisakymas\" class=\"read-more\" href=\"https:\/\/mobsaint.com\/lt\/disclaimer\/\" aria-label=\"Read more about Disclaimer\">skaityti daugiau<\/a><\/p>","protected":false},"author":1,"featured_media":0,"parent":0,"menu_order":0,"comment_status":"closed","ping_status":"open","template":"","meta":{"footnotes":""},"class_list":["post-2","page","type-page","status-publish"],"_links":{"self":[{"href":"https:\/\/mobsaint.com\/lt\/wp-json\/wp\/v2\/pages\/2","targetHints":{"allow":["GET"]}}],"collection":[{"href":"https:\/\/mobsaint.com\/lt\/wp-json\/wp\/v2\/pages"}],"about":[{"href":"https:\/\/mobsaint.com\/lt\/wp-json\/wp\/v2\/types\/page"}],"author":[{"embeddable":true,"href":"https:\/\/mobsaint.com\/lt\/wp-json\/wp\/v2\/users\/1"}],"replies":[{"embeddable":true,"href":"https:\/\/mobsaint.com\/lt\/wp-json\/wp\/v2\/comments?post=2"}],"version-history":[{"count":2,"href":"https:\/\/mobsaint.com\/lt\/wp-json\/wp\/v2\/pages\/2\/revisions"}],"predecessor-version":[{"id":852,"href":"https:\/\/mobsaint.com\/lt\/wp-json\/wp\/v2\/pages\/2\/revisions\/852"}],"wp:attachment":[{"href":"https:\/\/mobsaint.com\/lt\/wp-json\/wp\/v2\/media?parent=2"}],"curies":[{"name":"wp","href":"https:\/\/api.w.org\/{rel}","templated":true}]}}