{"id":853,"date":"2025-02-02T02:58:27","date_gmt":"2025-02-02T02:58:27","guid":{"rendered":"https:\/\/mobsaint.com\/?page_id=853"},"modified":"2025-02-02T02:58:28","modified_gmt":"2025-02-02T02:58:28","slug":"%ec%9d%b4%ec%9a%a9-%ec%95%bd%ea%b4%80","status":"publish","type":"page","link":"https:\/\/mobsaint.com\/ko\/termos-de-uso\/","title":{"rendered":"\uc774\uc6a9 \uc57d\uad00"},"content":{"rendered":"<p>\uadc0\ud558\uac00 \uacc4\uc18d\ud574\uc11c \ubcf8 \uc6f9\uc0ac\uc774\ud2b8\ub97c \ud0d0\uc0c9\ud558\uace0 \uc0ac\uc6a9\ud560 \uacbd\uc6b0, \uadc0\ud558\ub294 \ub2f9\uc0ac\uc758 \uac1c\uc778\uc815\ubcf4 \ubcf4\ud638\uc815\ucc45\uacfc \ud568\uaed8 \uadc0\ud558\uc640 \ub2f9\uc0ac \uac04\uc758 \uad00\uacc4\ub97c \uaddc\uc815\ud558\ub294 \ub2e4\uc74c \uc774\uc6a9 \uc57d\uad00\uc744 \uc900\uc218\ud558\uace0 \uad6c\uc18d\ubc1b\ub294 \ub370 \ub3d9\uc758\ud558\ub294 \uac83\uc785\ub2c8\ub2e4. <strong>\ubab9\uc138\uc778\ud2b8<\/strong> \ub2f9\uc2e0\ucc98\ub7fc\uc694.<\/p>\n<p>\ubcf8 \uc774\uc6a9 \uc57d\uad00\uc758 \uc77c\ubd80 \ub0b4\uc6a9\uc5d0 \ub3d9\uc758\ud558\uc9c0 \uc54a\uc73c\uc2dc\uba74 \ub2f9\uc0ac \uc6f9\uc0ac\uc774\ud2b8\ub97c \uc774\uc6a9\ud558\uc9c0 \ub9c8\uc2dc\uae30 \ubc14\ub78d\ub2c8\ub2e4.<\/p>\n<p>\ubcf8 \uc6f9\uc0ac\uc774\ud2b8\ub97c \uc0ac\uc6a9\ud558\ub294 \uacbd\uc6b0 \ub2e4\uc74c \uc774\uc6a9 \uc57d\uad00\uc774 \uc801\uc6a9\ub429\ub2c8\ub2e4.<\/p>\n<p>\uc774 \uc6f9\uc0ac\uc774\ud2b8 \ud398\uc774\uc9c0\uc758 \ub0b4\uc6a9\uc740 \uc77c\ubc18\uc801\uc778 \uc815\ubcf4 \uc81c\uacf5 \ubc0f \uc0ac\uc6a9\ub9cc\uc744 \ubaa9\uc801\uc73c\ub85c \ud569\ub2c8\ub2e4. \uc0ac\uc804 \ud1b5\uc9c0 \uc5c6\uc774 \ubcc0\uacbd\ub420 \uc218 \uc788\uc2b5\ub2c8\ub2e4. \ub2f9\uc0ac \ub610\ub294 \uc5b4\ub5a0\ud55c \uc81c3\uc790\ub3c4 \uc774 \uc6f9\uc0ac\uc774\ud2b8\uc5d0\uc11c \ucc3e\uac70\ub098 \uc81c\uacf5\ub418\ub294 \uc815\ubcf4 \ubc0f \uc790\ub8cc\uc758 \uc815\ud655\uc131, \uc801\uc2dc\uc131, \uc131\ub2a5, \uc644\uc804\uc131 \ub610\ub294 \ud2b9\uc815 \ubaa9\uc801\uc5d0 \ub300\ud55c \uc801\ud569\uc131\uc5d0 \ub300\ud558\uc5ec \uc5b4\ub5a0\ud55c \ubcf4\uc99d\uc774\ub098 \ubcf4\uc7a5\uc744 \uc81c\uacf5\ud558\uc9c0 \uc54a\uc2b5\ub2c8\ub2e4. \uadc0\ud558\uac00 \uc774 \uc6f9\uc0ac\uc774\ud2b8\uc5d0 \uc788\ub294 \uc815\ubcf4\ub098 \uc790\ub8cc\ub97c \uc0ac\uc6a9\ud558\ub294 \uac83\uc740 \uc804\uc801\uc73c\ub85c \uadc0\ud558\uc758 \ucc45\uc784\uc774\uba70, \ub2f9\uc0ac\ub294 \uadf8\uc5d0 \ub300\ud574 \ucc45\uc784\uc744 \uc9c0\uc9c0 \uc54a\uc2b5\ub2c8\ub2e4. \uc774 \uc6f9\uc0ac\uc774\ud2b8\uc5d0\ub294 \ub54c\ub54c\ub85c \ub2e4\ub978 \uc6f9\uc0ac\uc774\ud2b8\ub85c \uc5f0\uacb0\ub418\ub294 \ub9c1\ud06c\uac00 \ud3ec\ud568\ub420 \uc218 \uc788\uc2b5\ub2c8\ub2e4. \uc774\ub7ec\ud55c \ub9c1\ud06c\ub294 \uadc0\ud558\uc758 \ud3b8\uc758\ub97c \uc704\ud574 \ucd94\uac00 \uc815\ubcf4\ub97c \uc81c\uacf5\ud558\uae30 \uc704\ud574 \uc81c\uacf5\ub429\ub2c8\ub2e4. \uc6b0\ub9ac\ub294 \ub9c1\ud06c\ub41c \uc6f9\uc0ac\uc774\ud2b8\uc758 \ub0b4\uc6a9\uc5d0 \ub300\ud574 \ucc45\uc784\uc744 \uc9c0\uc9c0 \uc54a\uc2b5\ub2c8\ub2e4.<\/p>","protected":false},"excerpt":{"rendered":"<p>Se voc\u00ea continuar navegando e usando este site, concorda em cumprir e ficar vinculado aos seguintes termos e condi\u00e7\u00f5es de uso, que, juntamente com nossa pol\u00edtica de privacidade, regem o relacionamento do Mobsaint com voc\u00ea. Se voc\u00ea discordar de qualquer parte destes termos e condi\u00e7\u00f5es, n\u00e3o use nosso site. O uso deste site est\u00e1 sujeito &#8230; <a title=\"\uc774\uc6a9 \uc57d\uad00\" class=\"read-more\" href=\"https:\/\/mobsaint.com\/ko\/termos-de-uso\/\" aria-label=\"Termos de Uso\uc5d0 \ub300\ud574 \ub354 \uc790\uc138\ud788 \uc54c\uc544\ubcf4\uc138\uc694\">\ub354 \uc77d\uc5b4\ubcf4\uc138\uc694<\/a><\/p>","protected":false},"author":1,"featured_media":0,"parent":0,"menu_order":0,"comment_status":"closed","ping_status":"closed","template":"","meta":{"footnotes":""},"class_list":["post-853","page","type-page","status-publish"],"_links":{"self":[{"href":"https:\/\/mobsaint.com\/ko\/wp-json\/wp\/v2\/pages\/853","targetHints":{"allow":["GET"]}}],"collection":[{"href":"https:\/\/mobsaint.com\/ko\/wp-json\/wp\/v2\/pages"}],"about":[{"href":"https:\/\/mobsaint.com\/ko\/wp-json\/wp\/v2\/types\/page"}],"author":[{"embeddable":true,"href":"https:\/\/mobsaint.com\/ko\/wp-json\/wp\/v2\/users\/1"}],"replies":[{"embeddable":true,"href":"https:\/\/mobsaint.com\/ko\/wp-json\/wp\/v2\/comments?post=853"}],"version-history":[{"count":1,"href":"https:\/\/mobsaint.com\/ko\/wp-json\/wp\/v2\/pages\/853\/revisions"}],"predecessor-version":[{"id":854,"href":"https:\/\/mobsaint.com\/ko\/wp-json\/wp\/v2\/pages\/853\/revisions\/854"}],"wp:attachment":[{"href":"https:\/\/mobsaint.com\/ko\/wp-json\/wp\/v2\/media?parent=853"}],"curies":[{"name":"wp","href":"https:\/\/api.w.org\/{rel}","templated":true}]}}