{"id":853,"date":"2025-02-02T02:58:27","date_gmt":"2025-02-02T02:58:27","guid":{"rendered":"https:\/\/mobsaint.com\/?page_id=853"},"modified":"2025-02-02T02:58:28","modified_gmt":"2025-02-02T02:58:28","slug":"%e5%88%a9%e7%94%a8%e8%a6%8f%e7%b4%84","status":"publish","type":"page","link":"https:\/\/mobsaint.com\/ja\/termos-de-uso\/","title":{"rendered":"\u5229\u7528\u898f\u7d04"},"content":{"rendered":"<p>\u672c\u30a6\u30a7\u30d6\u30b5\u30a4\u30c8\u306e\u95b2\u89a7\u304a\u3088\u3073\u4f7f\u7528\u3092\u7d99\u7d9a\u3059\u308b\u5834\u5408\u3001\u304a\u5ba2\u69d8\u306f\u4ee5\u4e0b\u306e\u5229\u7528\u898f\u7d04\u3092\u9075\u5b88\u3057\u3001\u3053\u308c\u306b\u62d8\u675f\u3055\u308c\u308b\u3053\u3068\u306b\u540c\u610f\u3059\u308b\u3082\u306e\u3068\u3057\u307e\u3059\u3002\u3053\u308c\u3089\u306e\u5229\u7528\u898f\u7d04\u306f\u3001\u5f53\u793e\u306e\u30d7\u30e9\u30a4\u30d0\u30b7\u30fc \u30dd\u30ea\u30b7\u30fc\u3068\u3068\u3082\u306b\u3001\u304a\u5ba2\u69d8\u3068\u5f53\u793e\u306e\u95a2\u4fc2\u3092\u898f\u5b9a\u3059\u308b\u3082\u306e\u3067\u3059\u3002 <strong>\u30e2\u30d6\u30bb\u30a4\u30f3\u30c8<\/strong> \u3042\u306a\u305f\u306e\u3088\u3046\u306a\u3002<\/p>\n<p>\u3053\u308c\u3089\u306e\u5229\u7528\u898f\u7d04\u306e\u4e00\u90e8\u306b\u540c\u610f\u3067\u304d\u306a\u3044\u5834\u5408\u306f\u3001\u5f53\u793e\u306e\u30a6\u30a7\u30d6\u30b5\u30a4\u30c8\u3092\u4f7f\u7528\u3057\u306a\u3044\u3067\u304f\u3060\u3055\u3044\u3002<\/p>\n<p>\u3053\u306e\u30a6\u30a7\u30d6\u30b5\u30a4\u30c8\u306e\u4f7f\u7528\u306b\u306f\u4ee5\u4e0b\u306e\u5229\u7528\u898f\u7d04\u304c\u9069\u7528\u3055\u308c\u307e\u3059\u3002<\/p>\n<p>\u3053\u306e\u30a6\u30a7\u30d6\u30b5\u30a4\u30c8\u306e\u30da\u30fc\u30b8\u306e\u5185\u5bb9\u306f\u3001\u4e00\u822c\u7684\u306a\u60c5\u5831\u63d0\u4f9b\u304a\u3088\u3073\u4f7f\u7528\u306e\u307f\u3092\u76ee\u7684\u3068\u3057\u3066\u3044\u307e\u3059\u3002\u4e88\u544a\u306a\u304f\u5909\u66f4\u3055\u308c\u308b\u3053\u3068\u304c\u3042\u308a\u307e\u3059\u3002\u5f53\u793e\u304a\u3088\u3073\u7b2c\u4e09\u8005\u306f\u3001\u672c\u30a6\u30a7\u30d6\u30b5\u30a4\u30c8\u4e0a\u3067\u898b\u3064\u304b\u308b\u3001\u307e\u305f\u306f\u63d0\u4f9b\u3055\u308c\u308b\u60c5\u5831\u304a\u3088\u3073\u8cc7\u6599\u306e\u6b63\u78ba\u6027\u3001\u9069\u6642\u6027\u3001\u6027\u80fd\u3001\u5b8c\u5168\u6027\u3001\u307e\u305f\u306f\u7279\u5b9a\u306e\u76ee\u7684\u3078\u306e\u9069\u5408\u6027\u306b\u3064\u3044\u3066\u3001\u3044\u304b\u306a\u308b\u4fdd\u8a3c\u3082\u884c\u3044\u307e\u305b\u3093\u3002\u5f53\u30a6\u30a7\u30d6\u30b5\u30a4\u30c8\u4e0a\u306e\u3044\u304b\u306a\u308b\u60c5\u5831\u307e\u305f\u306f\u8cc7\u6599\u306e\u4f7f\u7528\u3082\u5b8c\u5168\u306b\u304a\u5ba2\u69d8\u81ea\u8eab\u306e\u8cac\u4efb\u3067\u3042\u308a\u3001\u5f53\u793e\u306f\u8cac\u4efb\u3092\u8ca0\u3044\u307e\u305b\u3093\u3002\u3053\u306e\u30a6\u30a7\u30d6\u30b5\u30a4\u30c8\u306b\u306f\u3001\u4ed6\u306e\u30a6\u30a7\u30d6\u30b5\u30a4\u30c8\u3078\u306e\u30ea\u30f3\u30af\u304c\u542b\u307e\u308c\u308b\u5834\u5408\u304c\u3042\u308a\u307e\u3059\u3002\u3053\u308c\u3089\u306e\u30ea\u30f3\u30af\u306f\u3001\u3055\u3089\u306a\u308b\u60c5\u5831\u3092\u63d0\u4f9b\u3059\u308b\u305f\u3081\u306b\u304a\u5ba2\u69d8\u306e\u4fbf\u5b9c\u306e\u305f\u3081\u306b\u63d0\u4f9b\u3055\u308c\u3066\u3044\u307e\u3059\u3002\u5f53\u793e\u306f\u30ea\u30f3\u30af\u5148\u306e\u30a6\u30a7\u30d6\u30b5\u30a4\u30c8\u306e\u5185\u5bb9\u306b\u3064\u3044\u3066\u4e00\u5207\u8cac\u4efb\u3092\u8ca0\u3044\u307e\u305b\u3093\u3002<\/p>","protected":false},"excerpt":{"rendered":"<p>Se voc\u00ea continuar navegando e usando este site, concorda em cumprir e ficar vinculado aos seguintes termos e condi\u00e7\u00f5es de uso, que, juntamente com nossa pol\u00edtica de privacidade, regem o relacionamento do Mobsaint com voc\u00ea. Se voc\u00ea discordar de qualquer parte destes termos e condi\u00e7\u00f5es, n\u00e3o use nosso site. O uso deste site est\u00e1 sujeito &#8230; <a title=\"\u5229\u7528\u898f\u7d04\" class=\"read-more\" href=\"https:\/\/mobsaint.com\/ja\/termos-de-uso\/\" aria-label=\"Termos de Uso \u306b\u3064\u3044\u3066\u3055\u3089\u306b\u8aad\u3080\">\u7d9a\u304d\u3092\u8aad\u3080<\/a><\/p>","protected":false},"author":1,"featured_media":0,"parent":0,"menu_order":0,"comment_status":"closed","ping_status":"closed","template":"","meta":{"footnotes":""},"class_list":["post-853","page","type-page","status-publish"],"_links":{"self":[{"href":"https:\/\/mobsaint.com\/ja\/wp-json\/wp\/v2\/pages\/853","targetHints":{"allow":["GET"]}}],"collection":[{"href":"https:\/\/mobsaint.com\/ja\/wp-json\/wp\/v2\/pages"}],"about":[{"href":"https:\/\/mobsaint.com\/ja\/wp-json\/wp\/v2\/types\/page"}],"author":[{"embeddable":true,"href":"https:\/\/mobsaint.com\/ja\/wp-json\/wp\/v2\/users\/1"}],"replies":[{"embeddable":true,"href":"https:\/\/mobsaint.com\/ja\/wp-json\/wp\/v2\/comments?post=853"}],"version-history":[{"count":1,"href":"https:\/\/mobsaint.com\/ja\/wp-json\/wp\/v2\/pages\/853\/revisions"}],"predecessor-version":[{"id":854,"href":"https:\/\/mobsaint.com\/ja\/wp-json\/wp\/v2\/pages\/853\/revisions\/854"}],"wp:attachment":[{"href":"https:\/\/mobsaint.com\/ja\/wp-json\/wp\/v2\/media?parent=853"}],"curies":[{"name":"wp","href":"https:\/\/api.w.org\/{rel}","templated":true}]}}