{"id":2,"date":"2025-02-02T00:25:08","date_gmt":"2025-02-02T00:25:08","guid":{"rendered":"http:\/\/mobsaint.com\/?page_id=2"},"modified":"2025-02-02T02:57:33","modified_gmt":"2025-02-02T02:57:33","slug":"disclaimer","status":"publish","type":"page","link":"https:\/\/mobsaint.com\/it\/disclaimer\/","title":{"rendered":"Disclaimer"},"content":{"rendered":"<p>L&#039;utilizzo di questo sito web, nonch\u00e9 di tutte le applicazioni o servizi correlati da noi offerti, \u00e8 soggetto ai seguenti termini e condizioni. Accedendo o utilizzando il nostro sito web, l&#039;utente accetta di rispettare e di essere vincolato dai presenti termini. Se non sei d&#039;accordo con una qualsiasi parte di questi termini, ti preghiamo di non utilizzare questo sito web.<\/p>\n\n\n\n<ol class=\"wp-block-list\">\n<li><strong>Propriet\u00e0 intellettuale:<\/strong> Tutti i contenuti presentati su questo sito web, inclusi, a titolo esemplificativo ma non esaustivo, testo, grafica, loghi, icone, immagini, clip audio, download digitali e raccolte di dati, sono di esclusiva propriet\u00e0 nostra o dei nostri licenziatari e sono protetti da copyright e da altre leggi applicabili sulla propriet\u00e0 intellettuale.<\/li>\n\n\n\n<li><strong>Uso consentito:<\/strong> \u00c8 possibile accedere e utilizzare questo sito web per scopi personali e non commerciali. \u00c8 severamente vietato qualsiasi uso commerciale o ripubblicazione del contenuto di questo sito web senza la nostra espressa autorizzazione scritta.<\/li>\n\n\n\n<li><strong>Disclaimer:<\/strong> Questo sito web \u00e8 fornito &quot;cos\u00ec com&#039;\u00e8&quot; e &quot;come disponibile&quot; senza alcuna garanzia, espressa o implicita. Non garantiamo l&#039;accuratezza, l&#039;affidabilit\u00e0 o la completezza del contenuto di questo sito web. L&#039;utilizzo di questo sito avviene a vostro rischio e pericolo.<\/li>\n\n\n\n<li><strong>Link a siti di terze parti:<\/strong> Questo sito web potrebbe contenere link a siti web di terze parti che non sono controllati o gestiti da noi. Non siamo responsabili del contenuto, delle politiche sulla privacy o delle pratiche di siti web di terze parti. L&#039;inclusione di link a siti web di terze parti non implica l&#039;approvazione o la raccomandazione di alcun contenuto presente su tali siti web.<\/li>\n\n\n\n<li><strong>Modifiche ai Termini:<\/strong> Ci riserviamo il diritto di modificare questi termini in qualsiasi momento e senza preavviso. L&#039;uso continuato di questo sito dopo tali modifiche costituisce l&#039;accettazione dei termini modificati.<\/li>\n\n\n\n<li><strong>Legge applicabile:<\/strong> I presenti termini e condizioni sono regolati e interpretati in conformit\u00e0 alle leggi del Brasile. Ogni controversia relativa ai presenti termini sar\u00e0 sottoposta alla giurisdizione esclusiva dei tribunali competenti situati in tale giurisdizione.<\/li>\n<\/ol>\n\n\n\n<p>Utilizzando questo sito web, l&#039;utente riconosce di aver letto, compreso e accettato i presenti termini e condizioni. Se avete domande o dubbi su questi termini, vi preghiamo di contattarci.<\/p>","protected":false},"excerpt":{"rendered":"<p>O uso deste site, bem como qualquer aplicativo ou servi\u00e7o relacionado oferecido por n\u00f3s, est\u00e1 sujeito aos seguintes termos e condi\u00e7\u00f5es. Ao acessar ou utilizar nosso site, voc\u00ea concorda em cumprir e ficar vinculado a estes termos. Se voc\u00ea n\u00e3o concordar com qualquer parte destes termos, por favor, n\u00e3o utilize este site. Ao utilizar este &#8230; <a title=\"Disclaimer\" class=\"read-more\" href=\"https:\/\/mobsaint.com\/it\/disclaimer\/\" aria-label=\"Per saperne di pi\u00f9 su Disclaimer\">Per saperne di pi\u00f9<\/a><\/p>","protected":false},"author":1,"featured_media":0,"parent":0,"menu_order":0,"comment_status":"closed","ping_status":"open","template":"","meta":{"footnotes":""},"class_list":["post-2","page","type-page","status-publish"],"_links":{"self":[{"href":"https:\/\/mobsaint.com\/it\/wp-json\/wp\/v2\/pages\/2","targetHints":{"allow":["GET"]}}],"collection":[{"href":"https:\/\/mobsaint.com\/it\/wp-json\/wp\/v2\/pages"}],"about":[{"href":"https:\/\/mobsaint.com\/it\/wp-json\/wp\/v2\/types\/page"}],"author":[{"embeddable":true,"href":"https:\/\/mobsaint.com\/it\/wp-json\/wp\/v2\/users\/1"}],"replies":[{"embeddable":true,"href":"https:\/\/mobsaint.com\/it\/wp-json\/wp\/v2\/comments?post=2"}],"version-history":[{"count":2,"href":"https:\/\/mobsaint.com\/it\/wp-json\/wp\/v2\/pages\/2\/revisions"}],"predecessor-version":[{"id":852,"href":"https:\/\/mobsaint.com\/it\/wp-json\/wp\/v2\/pages\/2\/revisions\/852"}],"wp:attachment":[{"href":"https:\/\/mobsaint.com\/it\/wp-json\/wp\/v2\/media?parent=2"}],"curies":[{"name":"parola chiave","href":"https:\/\/api.w.org\/{rel}","templated":true}]}}