{"id":2,"date":"2025-02-02T00:25:08","date_gmt":"2025-02-02T00:25:08","guid":{"rendered":"http:\/\/mobsaint.com\/?page_id=2"},"modified":"2025-02-02T02:57:33","modified_gmt":"2025-02-02T02:57:33","slug":"felelossegkizaras","status":"publish","type":"page","link":"https:\/\/mobsaint.com\/hu\/disclaimer\/","title":{"rendered":"Jogi nyilatkozat"},"content":{"rendered":"<p>A weboldal, valamint az \u00e1ltalunk k\u00edn\u00e1lt kapcsol\u00f3d\u00f3 alkalmaz\u00e1sok vagy szolg\u00e1ltat\u00e1sok \u00d6n \u00e1ltali haszn\u00e1lat\u00e1ra az al\u00e1bbi felt\u00e9telek vonatkoznak. Weboldalunk megnyit\u00e1s\u00e1val vagy haszn\u00e1lat\u00e1val \u00d6n beleegyezik, hogy betartja \u00e9s mag\u00e1ra n\u00e9zve k\u00f6telez\u0151nek ismeri el ezeket a felt\u00e9teleket. Ha nem \u00e9rt egyet a felt\u00e9telek b\u00e1rmelyik r\u00e9sz\u00e9vel, k\u00e9rj\u00fck, ne haszn\u00e1lja ezt a webhelyet.<\/p>\n\n\n\n<ol class=\"wp-block-list\">\n<li><strong>Szellemi tulajdon:<\/strong> Az ezen a weboldalon bemutatott minden tartalom, bele\u00e9rtve, de nem kiz\u00e1r\u00f3lagosan a sz\u00f6veget, grafik\u00e1t, log\u00f3kat, ikonokat, k\u00e9peket, hangfelv\u00e9teleket, digit\u00e1lis let\u00f6lt\u00e9seket \u00e9s adatgy\u0171jtem\u00e9nyeket, a mi vagy licencad\u00f3ink kiz\u00e1r\u00f3lagos tulajdon\u00e1t k\u00e9pezi, \u00e9s szerz\u0151i jogi \u00e9s egy\u00e9b vonatkoz\u00f3 szellemi tulajdonjogok v\u00e9dik.<\/li>\n\n\n\n<li><strong>Enged\u00e9lyezett felhaszn\u00e1l\u00e1s:<\/strong> Ezt a weboldalt szem\u00e9lyes, nem kereskedelmi c\u00e9lokra \u00e9rheti el \u00e9s haszn\u00e1lhatja. A weboldal tartalm\u00e1nak b\u00e1rmilyen kereskedelmi felhaszn\u00e1l\u00e1sa vagy \u00fajrak\u00f6zl\u00e9se kifejezett \u00edr\u00e1sos enged\u00e9ly\u00fcnk n\u00e9lk\u00fcl szigor\u00faan tilos.<\/li>\n\n\n\n<li><strong>Jogi nyilatkozat:<\/strong> Ez a weboldal \u201eahogy van\u201d \u00e9s \u201eahogy el\u00e9rhet\u0151\u201d b\u00e1rmilyen kifejezett vagy hallgat\u00f3lagos garancia n\u00e9lk\u00fcl biztos\u00edtott. Nem v\u00e1llalunk garanci\u00e1t a weboldalon tal\u00e1lhat\u00f3 tartalom pontoss\u00e1g\u00e1\u00e9rt, megb\u00edzhat\u00f3s\u00e1g\u00e1\u00e9rt vagy teljess\u00e9g\u00e9\u00e9rt. Az oldal haszn\u00e1lata saj\u00e1t felel\u0151ss\u00e9g\u00e9re t\u00f6rt\u00e9nik.<\/li>\n\n\n\n<li><strong>Linkek harmadik felek webhelyeire:<\/strong> Ez a weboldal tartalmazhat hivatkoz\u00e1sokat harmadik felek webhelyeire, amelyeket nem mi ir\u00e1ny\u00edtunk vagy \u00fczemeltet\u00fcnk. Nem v\u00e1llalunk felel\u0151ss\u00e9get harmadik felek webhelyeinek tartalm\u00e1\u00e9rt, adatv\u00e9delmi szab\u00e1lyzatai\u00e9rt vagy gyakorlat\u00e1\u00e9rt. Harmadik felek webhelyeire mutat\u00f3 hivatkoz\u00e1sok szerepeltet\u00e9se nem jelenti az ilyen webhelyeken tal\u00e1lhat\u00f3 tartalom j\u00f3v\u00e1hagy\u00e1s\u00e1t vagy aj\u00e1nl\u00e1s\u00e1t.<\/li>\n\n\n\n<li><strong>V\u00e1ltoz\u00e1sok a felt\u00e9telekben:<\/strong> Fenntartjuk a jogot, hogy ezeket a felt\u00e9teleket b\u00e1rmikor, el\u0151zetes \u00e9rtes\u00edt\u00e9s n\u00e9lk\u00fcl m\u00f3dos\u00edtsuk. Az oldalnak az ilyen m\u00f3dos\u00edt\u00e1sok ut\u00e1ni tov\u00e1bbi haszn\u00e1lata a fel\u00fclvizsg\u00e1lt felt\u00e9telek elfogad\u00e1s\u00e1t jelenti.<\/li>\n\n\n\n<li><strong>Alkalmazand\u00f3 jog:<\/strong> Ezeket a felt\u00e9teleket Braz\u00edlia t\u00f6rv\u00e9nyei szab\u00e1lyozz\u00e1k, \u00e9s ezeknek megfelel\u0151en \u00e9rtelmezik. A jelen felt\u00e9telekkel kapcsolatos b\u00e1rmely vit\u00e1t az ezen a ter\u00fcleten tal\u00e1lhat\u00f3 illet\u00e9kes b\u00edr\u00f3s\u00e1gok kiz\u00e1r\u00f3lagos joghat\u00f3s\u00e1ga el\u00e9 terjesztik.<\/li>\n<\/ol>\n\n\n\n<p>A weboldal haszn\u00e1lat\u00e1val \u00d6n elismeri, hogy elolvasta, meg\u00e9rtette \u00e9s elfogadta ezeket a felt\u00e9teleket. Ha b\u00e1rmilyen k\u00e9rd\u00e9se vagy agg\u00e1lya van ezekkel a felt\u00e9telekkel kapcsolatban, k\u00e9rj\u00fck, l\u00e9pjen kapcsolatba vel\u00fcnk.<\/p>","protected":false},"excerpt":{"rendered":"<p>O uso deste site, bem como qualquer aplicativo ou servi\u00e7o relacionado oferecido por n\u00f3s, est\u00e1 sujeito aos seguintes termos e condi\u00e7\u00f5es. Ao acessar ou utilizar nosso site, voc\u00ea concorda em cumprir e ficar vinculado a estes termos. Se voc\u00ea n\u00e3o concordar com qualquer parte destes termos, por favor, n\u00e3o utilize este site. Ao utilizar este &#8230; <a title=\"Jogi nyilatkozat\" class=\"read-more\" href=\"https:\/\/mobsaint.com\/hu\/disclaimer\/\" aria-label=\"Read more about Disclaimer\">b\u0151vebben<\/a><\/p>","protected":false},"author":1,"featured_media":0,"parent":0,"menu_order":0,"comment_status":"closed","ping_status":"open","template":"","meta":{"footnotes":""},"class_list":["post-2","page","type-page","status-publish"],"_links":{"self":[{"href":"https:\/\/mobsaint.com\/hu\/wp-json\/wp\/v2\/pages\/2","targetHints":{"allow":["GET"]}}],"collection":[{"href":"https:\/\/mobsaint.com\/hu\/wp-json\/wp\/v2\/pages"}],"about":[{"href":"https:\/\/mobsaint.com\/hu\/wp-json\/wp\/v2\/types\/page"}],"author":[{"embeddable":true,"href":"https:\/\/mobsaint.com\/hu\/wp-json\/wp\/v2\/users\/1"}],"replies":[{"embeddable":true,"href":"https:\/\/mobsaint.com\/hu\/wp-json\/wp\/v2\/comments?post=2"}],"version-history":[{"count":2,"href":"https:\/\/mobsaint.com\/hu\/wp-json\/wp\/v2\/pages\/2\/revisions"}],"predecessor-version":[{"id":852,"href":"https:\/\/mobsaint.com\/hu\/wp-json\/wp\/v2\/pages\/2\/revisions\/852"}],"wp:attachment":[{"href":"https:\/\/mobsaint.com\/hu\/wp-json\/wp\/v2\/media?parent=2"}],"curies":[{"name":"wp","href":"https:\/\/api.w.org\/{rel}","templated":true}]}}