{"id":3,"date":"2025-02-02T00:25:08","date_gmt":"2025-02-02T00:25:08","guid":{"rendered":"http:\/\/mobsaint.com\/?page_id=3"},"modified":"2025-02-02T02:55:08","modified_gmt":"2025-02-02T02:55:08","slug":"politika-privatnosti","status":"publish","type":"page","link":"https:\/\/mobsaint.com\/hr\/politica-de-privacidade\/","title":{"rendered":"Politika privatnosti"},"content":{"rendered":"<p>Dobrodo\u0161li u Mobsaint. Ova pravila o privatnosti opisuju kako prikupljamo, koristimo i dijelimo informacije o vama kada pristupate ili koristite na\u0161u web stranicu.<\/p>\n\n\n\n<ol class=\"wp-block-list\">\n<li>Podaci koje prikupljamo osobne podatke: prikupljamo osobne podatke koje nam dobrovoljno date, kao \u0161to su va\u0161e ime, adresa e-po\u0161te i drugi podaci za kontakt kada se prijavite za a\u017euriranja ili na drugi na\u010din komunicirate s nama. Podaci o kori\u0161tenju: automatski prikupljamo informacije o tome kako pristupate i koristite stranicu, uklju\u010duju\u0107i vrstu ure\u0111aja, web-preglednik, posje\u0107ene stranice, klikove, obrasce kori\u0161tenja i druge informacije o kori\u0161tenju. Kola\u010di\u0107i i tehnologije pra\u0107enja: Koristimo kola\u010di\u0107e i tehnologije pra\u0107enja kako bismo personalizirali va\u0161e iskustvo i prikupili podatke o va\u0161oj interakciji s web-stranicom i prikazanim oglasima.<\/li>\n\n\n\n<li>Kori\u0161tenje informacija Va\u0161e podatke koristimo za:<\/li>\n<\/ol>\n\n\n\n<p>Osigurati, odr\u017eavati i pobolj\u0161ati na\u0161u web stranicu i usluge. Komuniciramo s vama, odgovaramo na va\u0161a pitanja i zahtjeve. Prika\u017eite prilago\u0111ene oglase i izvr\u0161ite analizu podataka.<\/p>\n\n\n\n<ol class=\"wp-block-list\" start=\"3\">\n<li>Dijeljenje informacija Va\u0161e podatke mo\u017eemo podijeliti s tre\u0107im stranama u sljede\u0107im okolnostima:<\/li>\n<\/ol>\n\n\n\n<p>Pru\u017eatelji usluga: Dijelimo informacije s dobavlja\u010dima koji nam poma\u017eu u upravljanju Stranicom, kao \u0161to je web hosting i analiza podataka. Google Ad Exchange: Po potrebi za prikazivanje oglasa putem Google Ad Exchangea. Uskla\u0111enost s pravnim propisima: kada je potrebno po\u0161tivati zakon ili odgovoriti na pravni postupak.<\/p>\n\n\n\n<ol class=\"wp-block-list\" start=\"4\">\n<li>Google AdSense U skladu s uvjetima Google AdSensea, obavje\u0161tavamo vas da Google, kao dobavlja\u010d tre\u0107e strane, koristi kola\u010di\u0107e za poslu\u017eivanje oglasa na na\u0161oj web stranici. Googleova upotreba kola\u010di\u0107a DART omogu\u0107uje poslu\u017eivanje oglasa na\u0161im korisnicima na temelju njihovih prethodnih posjeta na\u0161oj stranici i drugim stranicama na internetu. Korisnici mogu isklju\u010diti kori\u0161tenje DART kola\u010di\u0107a posjetom Pravila o privatnosti Google oglasa i sadr\u017eajne mre\u017ee.<\/li>\n\n\n\n<li>Promjene Pravila privatnosti S vremena na vrijeme mo\u017eemo a\u017eurirati na\u0161a Pravila privatnosti. Obavijestit \u0107emo vas o svim promjenama objavljivanjem novih Pravila privatnosti na ovoj stranici.<\/li>\n\n\n\n<li>Kontakt Ako imate bilo kakvih pitanja o ovim Pravilima privatnosti, kontaktirajte nas.<\/li>\n<\/ol>","protected":false},"excerpt":{"rendered":"<p>Bem-vindo ao Mobsaint. Esta pol\u00edtica de privacidade descreve como coletamos, usamos e compartilhamos informa\u00e7\u00f5es sobre voc\u00ea quando acessa ou usa nosso site. Fornecer, manter e melhorar nosso site e servi\u00e7os. Comunicar-nos com voc\u00ea, responder suas perguntas e solicita\u00e7\u00f5es. Exibir an\u00fancios personalizados e realizar an\u00e1lises de dados. Fornecedores de Servi\u00e7os: Compartilhamos informa\u00e7\u00f5es com fornecedores que nos &#8230; <a title=\"Politika privatnosti\" class=\"read-more\" href=\"https:\/\/mobsaint.com\/hr\/politica-de-privacidade\/\" aria-label=\"Read more about Pol\u00edtica de Privacidade\">pro\u010ditaj vi\u0161e<\/a><\/p>","protected":false},"author":1,"featured_media":0,"parent":0,"menu_order":0,"comment_status":"closed","ping_status":"closed","template":"","meta":{"footnotes":""},"class_list":["post-3","page","type-page","status-publish"],"_links":{"self":[{"href":"https:\/\/mobsaint.com\/hr\/wp-json\/wp\/v2\/pages\/3","targetHints":{"allow":["GET"]}}],"collection":[{"href":"https:\/\/mobsaint.com\/hr\/wp-json\/wp\/v2\/pages"}],"about":[{"href":"https:\/\/mobsaint.com\/hr\/wp-json\/wp\/v2\/types\/page"}],"author":[{"embeddable":true,"href":"https:\/\/mobsaint.com\/hr\/wp-json\/wp\/v2\/users\/1"}],"replies":[{"embeddable":true,"href":"https:\/\/mobsaint.com\/hr\/wp-json\/wp\/v2\/comments?post=3"}],"version-history":[{"count":2,"href":"https:\/\/mobsaint.com\/hr\/wp-json\/wp\/v2\/pages\/3\/revisions"}],"predecessor-version":[{"id":850,"href":"https:\/\/mobsaint.com\/hr\/wp-json\/wp\/v2\/pages\/3\/revisions\/850"}],"wp:attachment":[{"href":"https:\/\/mobsaint.com\/hr\/wp-json\/wp\/v2\/media?parent=3"}],"curies":[{"name":"radni list","href":"https:\/\/api.w.org\/{rel}","templated":true}]}}