{"id":2,"date":"2025-02-02T00:25:08","date_gmt":"2025-02-02T00:25:08","guid":{"rendered":"http:\/\/mobsaint.com\/?page_id=2"},"modified":"2025-02-02T02:57:33","modified_gmt":"2025-02-02T02:57:33","slug":"clause-de-non-responsabilite","status":"publish","type":"page","link":"https:\/\/mobsaint.com\/fr_be\/disclaimer\/","title":{"rendered":"Clause de non-responsabilit\u00e9"},"content":{"rendered":"<p>Votre utilisation de ce site Web, ainsi que de toutes les applications ou services associ\u00e9s que nous proposons, est soumise aux conditions g\u00e9n\u00e9rales suivantes. En acc\u00e9dant ou en utilisant notre site Web, vous acceptez de vous conformer et d&#039;\u00eatre li\u00e9 par ces conditions. Si vous n&#039;\u00eates pas d&#039;accord avec une partie quelconque de ces conditions, veuillez ne pas utiliser ce site Web.<\/p>\n\n\n\n<ol class=\"wp-block-list\">\n<li><strong>Propri\u00e9t\u00e9 intellectuelle :<\/strong> Tout le contenu pr\u00e9sent\u00e9 sur ce site Web, y compris, mais sans s&#039;y limiter, les textes, graphiques, logos, ic\u00f4nes, images, clips audio, t\u00e9l\u00e9chargements num\u00e9riques et compilations de donn\u00e9es, est notre propri\u00e9t\u00e9 exclusive ou celle de nos conc\u00e9dants de licence et est prot\u00e9g\u00e9 par le droit d&#039;auteur et d&#039;autres lois applicables sur la propri\u00e9t\u00e9 intellectuelle.<\/li>\n\n\n\n<li><strong>Utilisation autoris\u00e9e :<\/strong> Vous pouvez acc\u00e9der et utiliser ce site Web \u00e0 des fins personnelles et non commerciales. Toute utilisation commerciale ou republication du contenu de ce site Web sans notre autorisation \u00e9crite expresse est strictement interdite.<\/li>\n\n\n\n<li><strong>Clause de non-responsabilit\u00e9:<\/strong> Ce site Web est fourni \u00ab tel quel \u00bb et \u00ab tel que disponible \u00bb sans garantie d\u2019aucune sorte, expresse ou implicite. Nous ne garantissons pas l&#039;exactitude, la fiabilit\u00e9 ou l&#039;exhaustivit\u00e9 du contenu de ce site Web. L&#039;utilisation de ce site est \u00e0 vos propres risques.<\/li>\n\n\n\n<li><strong>Liens vers des sites tiers :<\/strong> Ce site Web peut contenir des liens vers des sites Web tiers qui ne sont pas contr\u00f4l\u00e9s ou exploit\u00e9s par nous. Nous ne sommes pas responsables du contenu, des politiques de confidentialit\u00e9 ou des pratiques des sites Web tiers. L\u2019inclusion de liens vers des sites Web tiers n\u2019implique pas l\u2019approbation ou la recommandation du contenu de ces sites Web.<\/li>\n\n\n\n<li><strong>Modifications des conditions :<\/strong> Nous nous r\u00e9servons le droit de modifier ces conditions \u00e0 tout moment sans pr\u00e9avis. Votre utilisation continue de ce site apr\u00e8s de telles modifications constitue votre accord avec les conditions r\u00e9vis\u00e9es.<\/li>\n\n\n\n<li><strong>Loi applicable :<\/strong> Ces termes et conditions sont r\u00e9gis et interpr\u00e9t\u00e9s conform\u00e9ment aux lois du Br\u00e9sil. Tout litige relatif aux pr\u00e9sentes conditions sera soumis \u00e0 la comp\u00e9tence exclusive des tribunaux comp\u00e9tents situ\u00e9s dans cette juridiction.<\/li>\n<\/ol>\n\n\n\n<p>En utilisant ce site Web, vous reconnaissez avoir lu, compris et accept\u00e9 ces termes et conditions. Si vous avez des questions ou des pr\u00e9occupations concernant ces conditions, veuillez nous contacter.<\/p>","protected":false},"excerpt":{"rendered":"<p>O uso deste site, bem como qualquer aplicativo ou servi\u00e7o relacionado oferecido por n\u00f3s, est\u00e1 sujeito aos seguintes termos e condi\u00e7\u00f5es. Ao acessar ou utilizar nosso site, voc\u00ea concorda em cumprir e ficar vinculado a estes termos. Se voc\u00ea n\u00e3o concordar com qualquer parte destes termos, por favor, n\u00e3o utilize este site. Ao utilizar este &#8230; <a title=\"Clause de non-responsabilit\u00e9\" class=\"read-more\" href=\"https:\/\/mobsaint.com\/fr_be\/disclaimer\/\" aria-label=\"Read more about Disclaimer\">En savoir plus<\/a><\/p>","protected":false},"author":1,"featured_media":0,"parent":0,"menu_order":0,"comment_status":"closed","ping_status":"open","template":"","meta":{"footnotes":""},"class_list":["post-2","page","type-page","status-publish"],"_links":{"self":[{"href":"https:\/\/mobsaint.com\/fr_be\/wp-json\/wp\/v2\/pages\/2","targetHints":{"allow":["GET"]}}],"collection":[{"href":"https:\/\/mobsaint.com\/fr_be\/wp-json\/wp\/v2\/pages"}],"about":[{"href":"https:\/\/mobsaint.com\/fr_be\/wp-json\/wp\/v2\/types\/page"}],"author":[{"embeddable":true,"href":"https:\/\/mobsaint.com\/fr_be\/wp-json\/wp\/v2\/users\/1"}],"replies":[{"embeddable":true,"href":"https:\/\/mobsaint.com\/fr_be\/wp-json\/wp\/v2\/comments?post=2"}],"version-history":[{"count":2,"href":"https:\/\/mobsaint.com\/fr_be\/wp-json\/wp\/v2\/pages\/2\/revisions"}],"predecessor-version":[{"id":852,"href":"https:\/\/mobsaint.com\/fr_be\/wp-json\/wp\/v2\/pages\/2\/revisions\/852"}],"wp:attachment":[{"href":"https:\/\/mobsaint.com\/fr_be\/wp-json\/wp\/v2\/media?parent=2"}],"curies":[{"name":"wp","href":"https:\/\/api.w.org\/{rel}","templated":true}]}}