{"id":853,"date":"2025-02-02T02:58:27","date_gmt":"2025-02-02T02:58:27","guid":{"rendered":"https:\/\/mobsaint.com\/?page_id=853"},"modified":"2025-02-02T02:58:28","modified_gmt":"2025-02-02T02:58:28","slug":"conditions-dutilisation","status":"publish","type":"page","link":"https:\/\/mobsaint.com\/fr\/termos-de-uso\/","title":{"rendered":"Conditions d&#039;utilisation"},"content":{"rendered":"<p>Si vous continuez \u00e0 parcourir et \u00e0 utiliser ce site Web, vous acceptez de vous conformer et d&#039;\u00eatre li\u00e9 par les conditions g\u00e9n\u00e9rales d&#039;utilisation suivantes, qui, avec notre politique de confidentialit\u00e9, r\u00e9gissent notre relation avec vous. <strong>Mobsaint<\/strong> comme toi.<\/p>\n<p>Si vous n\u2019\u00eates pas d\u2019accord avec une partie quelconque de ces termes et conditions, veuillez ne pas utiliser notre site Web.<\/p>\n<p>L&#039;utilisation de ce site Web est soumise aux conditions d&#039;utilisation suivantes :<\/p>\n<p>Le contenu des pages de ce site Web est destin\u00e9 uniquement \u00e0 votre information g\u00e9n\u00e9rale et \u00e0 votre utilisation. Sous r\u00e9serve de modifications sans pr\u00e9avis. Ni nous ni aucun tiers ne fournissons aucune garantie quant \u00e0 l&#039;exactitude, l&#039;actualit\u00e9, la performance, l&#039;exhaustivit\u00e9 ou la pertinence des informations et du mat\u00e9riel trouv\u00e9s ou propos\u00e9s sur ce site Web \u00e0 des fins particuli\u00e8res. Votre utilisation de toute information ou mat\u00e9riel sur ce site Web est enti\u00e8rement \u00e0 vos propres risques, dont nous ne serons pas responsables. De temps \u00e0 autre, ce site Web peut \u00e9galement inclure des liens vers d\u2019autres sites Web. Ces liens sont fournis pour votre commodit\u00e9 afin de vous fournir des informations suppl\u00e9mentaires. Nous ne sommes pas responsables du contenu des sites Web li\u00e9s.<\/p>","protected":false},"excerpt":{"rendered":"<p>Si vous continuez \u00e0 parcourir et \u00e0 utiliser ce site Web, vous acceptez de vous conformer et d&#039;\u00eatre li\u00e9 par les conditions g\u00e9n\u00e9rales d&#039;utilisation suivantes, qui, avec notre politique de confidentialit\u00e9, r\u00e9gissent la relation de Mobsaint avec vous. Si vous n\u2019\u00eates pas d\u2019accord avec une partie quelconque de ces termes et conditions, veuillez ne pas utiliser notre site Web. L&#039;utilisation de ce site est soumise \u00e0 \u2026 <a title=\"Conditions d&#039;utilisation\" class=\"read-more\" href=\"https:\/\/mobsaint.com\/fr\/termos-de-uso\/\" aria-label=\"En savoir plus sur Termos de Uso\">En savoir plus<\/a><\/p>","protected":false},"author":1,"featured_media":0,"parent":0,"menu_order":0,"comment_status":"closed","ping_status":"closed","template":"","meta":{"footnotes":""},"class_list":["post-853","page","type-page","status-publish"],"_links":{"self":[{"href":"https:\/\/mobsaint.com\/fr\/wp-json\/wp\/v2\/pages\/853","targetHints":{"allow":["GET"]}}],"collection":[{"href":"https:\/\/mobsaint.com\/fr\/wp-json\/wp\/v2\/pages"}],"about":[{"href":"https:\/\/mobsaint.com\/fr\/wp-json\/wp\/v2\/types\/page"}],"author":[{"embeddable":true,"href":"https:\/\/mobsaint.com\/fr\/wp-json\/wp\/v2\/users\/1"}],"replies":[{"embeddable":true,"href":"https:\/\/mobsaint.com\/fr\/wp-json\/wp\/v2\/comments?post=853"}],"version-history":[{"count":1,"href":"https:\/\/mobsaint.com\/fr\/wp-json\/wp\/v2\/pages\/853\/revisions"}],"predecessor-version":[{"id":854,"href":"https:\/\/mobsaint.com\/fr\/wp-json\/wp\/v2\/pages\/853\/revisions\/854"}],"wp:attachment":[{"href":"https:\/\/mobsaint.com\/fr\/wp-json\/wp\/v2\/media?parent=853"}],"curies":[{"name":"wp","href":"https:\/\/api.w.org\/{rel}","templated":true}]}}