{"id":2,"date":"2025-02-02T00:25:08","date_gmt":"2025-02-02T00:25:08","guid":{"rendered":"http:\/\/mobsaint.com\/?page_id=2"},"modified":"2025-02-02T02:57:33","modified_gmt":"2025-02-02T02:57:33","slug":"descargo-de-responsabilidad-2","status":"publish","type":"page","link":"https:\/\/mobsaint.com\/es_us\/disclaimer\/","title":{"rendered":"Descargo de responsabilidad"},"content":{"rendered":"<p>Su uso de este sitio web, as\u00ed como de cualquier aplicaci\u00f3n o servicio relacionado ofrecido por nosotros, est\u00e1 sujeto a los siguientes t\u00e9rminos y condiciones. Al acceder o utilizar nuestro sitio web, usted acepta cumplir y estar sujeto a estos t\u00e9rminos. Si no est\u00e1 de acuerdo con alguna parte de estos t\u00e9rminos, no utilice este sitio web.<\/p>\n\n\n\n<ol class=\"wp-block-list\">\n<li><strong>Propiedad intelectual:<\/strong> Todo el contenido presentado en este sitio web, incluidos, entre otros, texto, gr\u00e1ficos, logotipos, \u00edconos, im\u00e1genes, clips de audio, descargas digitales y compilaciones de datos, es propiedad exclusiva nuestra o de nuestros licenciantes y est\u00e1 protegido por derechos de autor y otras leyes de propiedad intelectual aplicables.<\/li>\n\n\n\n<li><strong>Uso permitido:<\/strong> Puede acceder y utilizar este sitio web para fines personales y no comerciales. Cualquier uso comercial o republicaci\u00f3n del contenido de este sitio web sin nuestro permiso expreso por escrito queda estrictamente prohibido.<\/li>\n\n\n\n<li><strong>Descargo de responsabilidad:<\/strong> Este sitio web se proporciona \u201ctal cual\u201d y \u201cseg\u00fan disponibilidad\u201d sin garant\u00eda de ning\u00fan tipo, ya sea expresa o impl\u00edcita. No garantizamos la exactitud, confiabilidad o integridad del contenido de este sitio web. El uso de este sitio se realiza bajo su propio riesgo.<\/li>\n\n\n\n<li><strong>Enlaces a sitios de terceros:<\/strong> Este sitio web puede contener enlaces a sitios web de terceros que no est\u00e1n controlados ni operados por nosotros. No somos responsables del contenido, las pol\u00edticas de privacidad o las pr\u00e1cticas de sitios web de terceros. La inclusi\u00f3n de enlaces a sitios web de terceros no implica respaldo o recomendaci\u00f3n de ning\u00fan contenido de dichos sitios web.<\/li>\n\n\n\n<li><strong>Cambios en los T\u00e9rminos:<\/strong> Nos reservamos el derecho de modificar estos t\u00e9rminos en cualquier momento sin previo aviso. Su uso continuado de este sitio despu\u00e9s de dichas modificaciones constituye su aceptaci\u00f3n de los t\u00e9rminos revisados.<\/li>\n\n\n\n<li><strong>Ley aplicable:<\/strong> Estos t\u00e9rminos y condiciones se rigen e interpretan de acuerdo con las leyes de Brasil. Cualquier disputa relacionada con estos t\u00e9rminos se someter\u00e1 a la jurisdicci\u00f3n exclusiva de los tribunales competentes ubicados en esta jurisdicci\u00f3n.<\/li>\n<\/ol>\n\n\n\n<p>Al utilizar este sitio web, usted reconoce que ha le\u00eddo, comprendido y aceptado estos t\u00e9rminos y condiciones. Si tiene alguna pregunta o inquietud sobre estos t\u00e9rminos, comun\u00edquese con nosotros.<\/p>","protected":false},"excerpt":{"rendered":"<p>O uso deste site, bem como qualquer aplicativo ou servi\u00e7o relacionado oferecido por n\u00f3s, est\u00e1 sujeito aos seguintes termos e condi\u00e7\u00f5es. Ao acessar ou utilizar nosso site, voc\u00ea concorda em cumprir e ficar vinculado a estes termos. Se voc\u00ea n\u00e3o concordar com qualquer parte destes termos, por favor, n\u00e3o utilize este site. Ao utilizar este &#8230; <a title=\"Descargo de responsabilidad\" class=\"read-more\" href=\"https:\/\/mobsaint.com\/es_us\/disclaimer\/\" aria-label=\"Read more about Disclaimer\">leer m\u00e1s<\/a><\/p>","protected":false},"author":1,"featured_media":0,"parent":0,"menu_order":0,"comment_status":"closed","ping_status":"open","template":"","meta":{"footnotes":""},"class_list":["post-2","page","type-page","status-publish"],"_links":{"self":[{"href":"https:\/\/mobsaint.com\/es_us\/wp-json\/wp\/v2\/pages\/2","targetHints":{"allow":["GET"]}}],"collection":[{"href":"https:\/\/mobsaint.com\/es_us\/wp-json\/wp\/v2\/pages"}],"about":[{"href":"https:\/\/mobsaint.com\/es_us\/wp-json\/wp\/v2\/types\/page"}],"author":[{"embeddable":true,"href":"https:\/\/mobsaint.com\/es_us\/wp-json\/wp\/v2\/users\/1"}],"replies":[{"embeddable":true,"href":"https:\/\/mobsaint.com\/es_us\/wp-json\/wp\/v2\/comments?post=2"}],"version-history":[{"count":2,"href":"https:\/\/mobsaint.com\/es_us\/wp-json\/wp\/v2\/pages\/2\/revisions"}],"predecessor-version":[{"id":852,"href":"https:\/\/mobsaint.com\/es_us\/wp-json\/wp\/v2\/pages\/2\/revisions\/852"}],"wp:attachment":[{"href":"https:\/\/mobsaint.com\/es_us\/wp-json\/wp\/v2\/media?parent=2"}],"curies":[{"name":"wp","href":"https:\/\/api.w.org\/{rel}","templated":true}]}}