{"id":3,"date":"2025-02-02T00:25:08","date_gmt":"2025-02-02T00:25:08","guid":{"rendered":"http:\/\/mobsaint.com\/?page_id=3"},"modified":"2025-02-02T02:55:08","modified_gmt":"2025-02-02T02:55:08","slug":"politica-de-privacidad","status":"publish","type":"page","link":"https:\/\/mobsaint.com\/es_ar\/politica-de-privacidade\/","title":{"rendered":"pol\u00edtica de privacidad"},"content":{"rendered":"<p>Bienvenido a Mobsaint. Esta pol\u00edtica de privacidad describe c\u00f3mo recopilamos, usamos y compartimos informaci\u00f3n sobre usted cuando accede o utiliza nuestro sitio web.<\/p>\n\n\n\n<ol class=\"wp-block-list\">\n<li>Informaci\u00f3n que recopilamos Informaci\u00f3n personal: recopilamos informaci\u00f3n personal que usted proporciona voluntariamente, como su nombre, direcci\u00f3n de correo electr\u00f3nico y otra informaci\u00f3n de contacto cuando se registra para recibir actualizaciones o se comunica con nosotros de otra manera. Datos de uso: recopilamos autom\u00e1ticamente informaci\u00f3n sobre c\u00f3mo accede y utiliza el Sitio, incluido su tipo de dispositivo, navegador web, p\u00e1ginas visitadas, clics, patrones de uso y otra informaci\u00f3n de uso. Cookies y tecnolog\u00edas de seguimiento: utilizamos cookies y tecnolog\u00edas de seguimiento para personalizar su experiencia y recopilar datos sobre su interacci\u00f3n con el sitio web y los anuncios mostrados.<\/li>\n\n\n\n<li>Uso de la informaci\u00f3n Utilizamos su informaci\u00f3n para:<\/li>\n<\/ol>\n\n\n\n<p>Proporcionar, mantener y mejorar nuestro sitio web y nuestros servicios. Comunicarnos con usted, responder a sus preguntas y solicitudes. Muestra anuncios personalizados y realiza an\u00e1lisis de datos.<\/p>\n\n\n\n<ol class=\"wp-block-list\" start=\"3\">\n<li>Intercambio de informaci\u00f3n Podemos compartir su informaci\u00f3n con terceros en las siguientes circunstancias:<\/li>\n<\/ol>\n\n\n\n<p>Proveedores de servicios: compartimos informaci\u00f3n con proveedores que nos ayudan a operar el Sitio, como alojamiento web y an\u00e1lisis de datos. Google Ad Exchange: seg\u00fan sea necesario para mostrar anuncios a trav\u00e9s de Google Ad Exchange. Cumplimiento legal: cuando sea necesario para cumplir con la ley o responder a un proceso legal.<\/p>\n\n\n\n<ol class=\"wp-block-list\" start=\"4\">\n<li>Google AdSense De acuerdo con los t\u00e9rminos de Google AdSense, le informamos que Google, como proveedor externo, utiliza cookies para publicar anuncios en nuestro sitio web. El uso que Google hace de la cookie de DART le permite mostrar anuncios a nuestros usuarios basados en sus visitas anteriores a nuestro sitio y otros sitios de Internet. Los usuarios pueden inhabilitar el uso de la cookie de DART visitando la Pol\u00edtica de privacidad de anuncios y redes de contenido de Google.<\/li>\n\n\n\n<li>Cambios a la Pol\u00edtica de Privacidad Es posible que actualicemos nuestra Pol\u00edtica de Privacidad de vez en cuando. Le notificaremos cualquier cambio publicando la nueva Pol\u00edtica de privacidad en esta p\u00e1gina.<\/li>\n\n\n\n<li>Contacto Si tiene alguna pregunta sobre esta Pol\u00edtica de privacidad, cont\u00e1ctenos.<\/li>\n<\/ol>","protected":false},"excerpt":{"rendered":"<p>Bem-vindo ao Mobsaint. Esta pol\u00edtica de privacidade descreve como coletamos, usamos e compartilhamos informa\u00e7\u00f5es sobre voc\u00ea quando acessa ou usa nosso site. Fornecer, manter e melhorar nosso site e servi\u00e7os. Comunicar-nos com voc\u00ea, responder suas perguntas e solicita\u00e7\u00f5es. Exibir an\u00fancios personalizados e realizar an\u00e1lises de dados. Fornecedores de Servi\u00e7os: Compartilhamos informa\u00e7\u00f5es com fornecedores que nos &#8230; <a title=\"pol\u00edtica de privacidad\" class=\"read-more\" href=\"https:\/\/mobsaint.com\/es_ar\/politica-de-privacidade\/\" aria-label=\"Leer m\u00e1s sobre Pol\u00edtica de Privacidade\">leer m\u00e1s<\/a><\/p>","protected":false},"author":1,"featured_media":0,"parent":0,"menu_order":0,"comment_status":"closed","ping_status":"closed","template":"","meta":{"footnotes":""},"class_list":["post-3","page","type-page","status-publish"],"_links":{"self":[{"href":"https:\/\/mobsaint.com\/es_ar\/wp-json\/wp\/v2\/pages\/3","targetHints":{"allow":["GET"]}}],"collection":[{"href":"https:\/\/mobsaint.com\/es_ar\/wp-json\/wp\/v2\/pages"}],"about":[{"href":"https:\/\/mobsaint.com\/es_ar\/wp-json\/wp\/v2\/types\/page"}],"author":[{"embeddable":true,"href":"https:\/\/mobsaint.com\/es_ar\/wp-json\/wp\/v2\/users\/1"}],"replies":[{"embeddable":true,"href":"https:\/\/mobsaint.com\/es_ar\/wp-json\/wp\/v2\/comments?post=3"}],"version-history":[{"count":2,"href":"https:\/\/mobsaint.com\/es_ar\/wp-json\/wp\/v2\/pages\/3\/revisions"}],"predecessor-version":[{"id":850,"href":"https:\/\/mobsaint.com\/es_ar\/wp-json\/wp\/v2\/pages\/3\/revisions\/850"}],"wp:attachment":[{"href":"https:\/\/mobsaint.com\/es_ar\/wp-json\/wp\/v2\/media?parent=3"}],"curies":[{"name":"wp","href":"https:\/\/api.w.org\/{rel}","templated":true}]}}