{"id":2,"date":"2025-02-02T00:25:08","date_gmt":"2025-02-02T00:25:08","guid":{"rendered":"http:\/\/mobsaint.com\/?page_id=2"},"modified":"2025-02-02T02:57:33","modified_gmt":"2025-02-02T02:57:33","slug":"%ce%ac%cf%81%ce%bd%ce%b7%cf%83%ce%b7","status":"publish","type":"page","link":"https:\/\/mobsaint.com\/el\/disclaimer\/","title":{"rendered":"\u0391\u03c1\u03bd\u03b7\u03c3\u03b7"},"content":{"rendered":"<p>\u0397 \u03c7\u03c1\u03ae\u03c3\u03b7 \u03b1\u03c5\u03c4\u03bf\u03cd \u03c4\u03bf\u03c5 \u03b9\u03c3\u03c4\u03cc\u03c4\u03bf\u03c0\u03bf\u03c5 \u03b1\u03c0\u03cc \u03b5\u03c3\u03ac\u03c2, \u03ba\u03b1\u03b8\u03ce\u03c2 \u03ba\u03b1\u03b9 \u03c4\u03c5\u03c7\u03cc\u03bd \u03c3\u03c7\u03b5\u03c4\u03b9\u03ba\u03ce\u03bd \u03b5\u03c6\u03b1\u03c1\u03bc\u03bf\u03b3\u03ce\u03bd \u03ae \u03c5\u03c0\u03b7\u03c1\u03b5\u03c3\u03b9\u03ce\u03bd \u03c0\u03bf\u03c5 \u03c0\u03c1\u03bf\u03c3\u03c6\u03ad\u03c1\u03bf\u03c5\u03bc\u03b5 \u03b1\u03c0\u03cc \u03b5\u03bc\u03ac\u03c2, \u03c5\u03c0\u03cc\u03ba\u03b5\u03b9\u03c4\u03b1\u03b9 \u03c3\u03c4\u03bf\u03c5\u03c2 \u03b1\u03ba\u03cc\u03bb\u03bf\u03c5\u03b8\u03bf\u03c5\u03c2 \u03cc\u03c1\u03bf\u03c5\u03c2 \u03ba\u03b1\u03b9 \u03c0\u03c1\u03bf\u03cb\u03c0\u03bf\u03b8\u03ad\u03c3\u03b5\u03b9\u03c2. \u039c\u03b5 \u03c4\u03b7\u03bd \u03c0\u03c1\u03cc\u03c3\u03b2\u03b1\u03c3\u03b7 \u03ae \u03c4\u03b7 \u03c7\u03c1\u03ae\u03c3\u03b7 \u03c4\u03bf\u03c5 \u03b9\u03c3\u03c4\u03cc\u03c4\u03bf\u03c0\u03bf\u03cd \u03bc\u03b1\u03c2, \u03c3\u03c5\u03bc\u03c6\u03c9\u03bd\u03b5\u03af\u03c4\u03b5 \u03bd\u03b1 \u03c3\u03c5\u03bc\u03bc\u03bf\u03c1\u03c6\u03ce\u03bd\u03b5\u03c3\u03c4\u03b5 \u03ba\u03b1\u03b9 \u03bd\u03b1 \u03b4\u03b5\u03c3\u03bc\u03b5\u03cd\u03b5\u03c3\u03c4\u03b5 \u03b1\u03c0\u03cc \u03b1\u03c5\u03c4\u03bf\u03cd\u03c2 \u03c4\u03bf\u03c5\u03c2 \u03cc\u03c1\u03bf\u03c5\u03c2. \u0395\u03ac\u03bd \u03b4\u03b5\u03bd \u03c3\u03c5\u03bc\u03c6\u03c9\u03bd\u03b5\u03af\u03c4\u03b5 \u03bc\u03b5 \u03bf\u03c0\u03bf\u03b9\u03bf\u03b4\u03ae\u03c0\u03bf\u03c4\u03b5 \u03bc\u03ad\u03c1\u03bf\u03c2 \u03b1\u03c5\u03c4\u03ce\u03bd \u03c4\u03c9\u03bd \u03cc\u03c1\u03c9\u03bd, \u03c0\u03b1\u03c1\u03b1\u03ba\u03b1\u03bb\u03bf\u03cd\u03bc\u03b5 \u03bc\u03b7\u03bd \u03c7\u03c1\u03b7\u03c3\u03b9\u03bc\u03bf\u03c0\u03bf\u03b9\u03ae\u03c3\u03b5\u03c4\u03b5 \u03b1\u03c5\u03c4\u03cc\u03bd \u03c4\u03bf\u03bd \u03b9\u03c3\u03c4\u03cc\u03c4\u03bf\u03c0\u03bf.<\/p>\n\n\n\n<ol class=\"wp-block-list\">\n<li><strong>\u03a0\u03bd\u03b5\u03c5\u03bc\u03b1\u03c4\u03b9\u03ba\u03ae \u0399\u03b4\u03b9\u03bf\u03ba\u03c4\u03b7\u03c3\u03af\u03b1:<\/strong> \u038c\u03bb\u03bf \u03c4\u03bf \u03c0\u03b5\u03c1\u03b9\u03b5\u03c7\u03cc\u03bc\u03b5\u03bd\u03bf \u03c0\u03bf\u03c5 \u03c0\u03b1\u03c1\u03bf\u03c5\u03c3\u03b9\u03ac\u03b6\u03b5\u03c4\u03b1\u03b9 \u03c3\u03b5 \u03b1\u03c5\u03c4\u03cc\u03bd \u03c4\u03bf\u03bd \u03b9\u03c3\u03c4\u03cc\u03c4\u03bf\u03c0\u03bf, \u03c3\u03c5\u03bc\u03c0\u03b5\u03c1\u03b9\u03bb\u03b1\u03bc\u03b2\u03b1\u03bd\u03bf\u03bc\u03ad\u03bd\u03c9\u03bd, \u03bc\u03b5\u03c4\u03b1\u03be\u03cd \u03ac\u03bb\u03bb\u03c9\u03bd, \u03ba\u03b5\u03b9\u03bc\u03ad\u03bd\u03bf\u03c5, \u03b3\u03c1\u03b1\u03c6\u03b9\u03ba\u03ce\u03bd, \u03bb\u03bf\u03b3\u03cc\u03c4\u03c5\u03c0\u03c9\u03bd, \u03b5\u03b9\u03ba\u03bf\u03bd\u03b9\u03b4\u03af\u03c9\u03bd, \u03b5\u03b9\u03ba\u03cc\u03bd\u03c9\u03bd, \u03b1\u03c0\u03bf\u03c3\u03c0\u03b1\u03c3\u03bc\u03ac\u03c4\u03c9\u03bd \u03ae\u03c7\u03bf\u03c5, \u03c8\u03b7\u03c6\u03b9\u03b1\u03ba\u03ce\u03bd \u03bb\u03ae\u03c8\u03b5\u03c9\u03bd \u03ba\u03b1\u03b9 \u03c3\u03c5\u03bb\u03bb\u03bf\u03b3\u03ce\u03bd \u03b4\u03b5\u03b4\u03bf\u03bc\u03ad\u03bd\u03c9\u03bd, \u03b1\u03c0\u03bf\u03c4\u03b5\u03bb\u03b5\u03af \u03b1\u03c0\u03bf\u03ba\u03bb\u03b5\u03b9\u03c3\u03c4\u03b9\u03ba\u03ae \u03b9\u03b4\u03b9\u03bf\u03ba\u03c4\u03b7\u03c3\u03af\u03b1 \u03b5\u03bc\u03ac\u03c2 \u03ae \u03c4\u03c9\u03bd \u03b4\u03b9\u03ba\u03b1\u03b9\u03bf\u03c0\u03b1\u03c1\u03cc\u03c7\u03c9\u03bd \u03bc\u03b1\u03c2 \u03ba\u03b1\u03b9 \u03c0\u03c1\u03bf\u03c3\u03c4\u03b1\u03c4\u03b5\u03cd\u03b5\u03c4\u03b1\u03b9 \u03b1\u03c0\u03cc \u03c0\u03bd\u03b5\u03c5\u03bc\u03b1\u03c4\u03b9\u03ba\u03ac \u03b4\u03b9\u03ba\u03b1\u03b9\u03ce\u03bc\u03b1\u03c4\u03b1 \u03ba\u03b1\u03b9 \u03ac\u03bb\u03bb\u03bf\u03c5\u03c2 \u03b9\u03c3\u03c7\u03cd\u03bf\u03bd\u03c4\u03b5\u03c2 \u03bd\u03cc\u03bc\u03bf\u03c5\u03c2 \u03c0\u03b5\u03c1\u03af \u03c0\u03bd\u03b5\u03c5\u03bc\u03b1\u03c4\u03b9\u03ba\u03ae\u03c2 \u03b9\u03b4\u03b9\u03bf\u03ba\u03c4\u03b7\u03c3\u03af\u03b1\u03c2.<\/li>\n\n\n\n<li><strong>\u0395\u03c0\u03b9\u03c4\u03c1\u03b5\u03c0\u03cc\u03bc\u03b5\u03bd\u03b7 \u03c7\u03c1\u03ae\u03c3\u03b7:<\/strong> \u039c\u03c0\u03bf\u03c1\u03b5\u03af\u03c4\u03b5 \u03bd\u03b1 \u03b1\u03c0\u03bf\u03ba\u03c4\u03ae\u03c3\u03b5\u03c4\u03b5 \u03c0\u03c1\u03cc\u03c3\u03b2\u03b1\u03c3\u03b7 \u03ba\u03b1\u03b9 \u03bd\u03b1 \u03c7\u03c1\u03b7\u03c3\u03b9\u03bc\u03bf\u03c0\u03bf\u03b9\u03ae\u03c3\u03b5\u03c4\u03b5 \u03b1\u03c5\u03c4\u03cc\u03bd \u03c4\u03bf\u03bd \u03b9\u03c3\u03c4\u03cc\u03c4\u03bf\u03c0\u03bf \u03b3\u03b9\u03b1 \u03c0\u03c1\u03bf\u03c3\u03c9\u03c0\u03b9\u03ba\u03bf\u03cd\u03c2, \u03bc\u03b7 \u03b5\u03bc\u03c0\u03bf\u03c1\u03b9\u03ba\u03bf\u03cd\u03c2 \u03c3\u03ba\u03bf\u03c0\u03bf\u03cd\u03c2. \u039f\u03c0\u03bf\u03b9\u03b1\u03b4\u03ae\u03c0\u03bf\u03c4\u03b5 \u03b5\u03bc\u03c0\u03bf\u03c1\u03b9\u03ba\u03ae \u03c7\u03c1\u03ae\u03c3\u03b7 \u03ae \u03b1\u03bd\u03b1\u03b4\u03b7\u03bc\u03bf\u03c3\u03af\u03b5\u03c5\u03c3\u03b7 \u03c4\u03bf\u03c5 \u03c0\u03b5\u03c1\u03b9\u03b5\u03c7\u03bf\u03bc\u03ad\u03bd\u03bf\u03c5 \u03b1\u03c5\u03c4\u03bf\u03cd \u03c4\u03bf\u03c5 \u03b9\u03c3\u03c4\u03cc\u03c4\u03bf\u03c0\u03bf\u03c5 \u03c7\u03c9\u03c1\u03af\u03c2 \u03c4\u03b7 \u03c1\u03b7\u03c4\u03ae \u03b3\u03c1\u03b1\u03c0\u03c4\u03ae \u03bc\u03b1\u03c2 \u03ac\u03b4\u03b5\u03b9\u03b1 \u03b1\u03c0\u03b1\u03b3\u03bf\u03c1\u03b5\u03cd\u03b5\u03c4\u03b1\u03b9 \u03b1\u03c5\u03c3\u03c4\u03b7\u03c1\u03ac.<\/li>\n\n\n\n<li><strong>\u0391\u03c1\u03bd\u03b7\u03c3\u03b7:<\/strong> \u0391\u03c5\u03c4\u03cc\u03c2 \u03bf \u03b9\u03c3\u03c4\u03cc\u03c4\u03bf\u03c0\u03bf\u03c2 \u03c0\u03b1\u03c1\u03ad\u03c7\u03b5\u03c4\u03b1\u03b9 \u00ab\u03c9\u03c2 \u03ad\u03c7\u03b5\u03b9\u00bb \u03ba\u03b1\u03b9 \u00ab\u03c9\u03c2 \u03b4\u03b9\u03b1\u03b8\u03ad\u03c3\u03b9\u03bc\u03bf\u03c2\u00bb \u03c7\u03c9\u03c1\u03af\u03c2 \u03ba\u03b1\u03bc\u03af\u03b1 \u03b5\u03b3\u03b3\u03cd\u03b7\u03c3\u03b7, \u03c1\u03b7\u03c4\u03ae \u03ae \u03c3\u03b9\u03c9\u03c0\u03b7\u03c1\u03ae. \u0394\u03b5\u03bd \u03b5\u03b3\u03b3\u03c5\u03cc\u03bc\u03b1\u03c3\u03c4\u03b5 \u03c4\u03b7\u03bd \u03b1\u03ba\u03c1\u03af\u03b2\u03b5\u03b9\u03b1, \u03c4\u03b7\u03bd \u03b1\u03be\u03b9\u03bf\u03c0\u03b9\u03c3\u03c4\u03af\u03b1 \u03ae \u03c4\u03b7\u03bd \u03c0\u03bb\u03b7\u03c1\u03cc\u03c4\u03b7\u03c4\u03b1 \u03c4\u03bf\u03c5 \u03c0\u03b5\u03c1\u03b9\u03b5\u03c7\u03bf\u03bc\u03ad\u03bd\u03bf\u03c5 \u03b1\u03c5\u03c4\u03bf\u03cd \u03c4\u03bf\u03c5 \u03b9\u03c3\u03c4\u03cc\u03c4\u03bf\u03c0\u03bf\u03c5. \u0397 \u03c7\u03c1\u03ae\u03c3\u03b7 \u03b1\u03c5\u03c4\u03bf\u03cd \u03c4\u03bf\u03c5 \u03b9\u03c3\u03c4\u03cc\u03c4\u03bf\u03c0\u03bf\u03c5 \u03b3\u03af\u03bd\u03b5\u03c4\u03b1\u03b9 \u03bc\u03b5 \u03b4\u03b9\u03ba\u03ae \u03c3\u03b1\u03c2 \u03b5\u03c5\u03b8\u03cd\u03bd\u03b7.<\/li>\n\n\n\n<li><strong>\u03a3\u03cd\u03bd\u03b4\u03b5\u03c3\u03bc\u03bf\u03b9 \u03c3\u03b5 \u03b9\u03c3\u03c4\u03cc\u03c4\u03bf\u03c0\u03bf\u03c5\u03c2 \u03c4\u03c1\u03af\u03c4\u03c9\u03bd:<\/strong> \u0391\u03c5\u03c4\u03cc\u03c2 \u03bf \u03b9\u03c3\u03c4\u03cc\u03c4\u03bf\u03c0\u03bf\u03c2 \u03bc\u03c0\u03bf\u03c1\u03b5\u03af \u03bd\u03b1 \u03c0\u03b5\u03c1\u03b9\u03ad\u03c7\u03b5\u03b9 \u03c3\u03c5\u03bd\u03b4\u03ad\u03c3\u03bc\u03bf\u03c5\u03c2 \u03c0\u03c1\u03bf\u03c2 \u03b9\u03c3\u03c4\u03cc\u03c4\u03bf\u03c0\u03bf\u03c5\u03c2 \u03c4\u03c1\u03af\u03c4\u03c9\u03bd \u03c0\u03bf\u03c5 \u03b4\u03b5\u03bd \u03b5\u03bb\u03ad\u03b3\u03c7\u03bf\u03bd\u03c4\u03b1\u03b9 \u03ae \u03b4\u03b5\u03bd \u03bb\u03b5\u03b9\u03c4\u03bf\u03c5\u03c1\u03b3\u03bf\u03cd\u03bd \u03b1\u03c0\u03cc \u03b5\u03bc\u03ac\u03c2. \u0394\u03b5\u03bd \u03b5\u03af\u03bc\u03b1\u03c3\u03c4\u03b5 \u03c5\u03c0\u03b5\u03cd\u03b8\u03c5\u03bd\u03bf\u03b9 \u03b3\u03b9\u03b1 \u03c4\u03bf \u03c0\u03b5\u03c1\u03b9\u03b5\u03c7\u03cc\u03bc\u03b5\u03bd\u03bf, \u03c4\u03b9\u03c2 \u03c0\u03bf\u03bb\u03b9\u03c4\u03b9\u03ba\u03ad\u03c2 \u03b1\u03c0\u03bf\u03c1\u03c1\u03ae\u03c4\u03bf\u03c5 \u03ae \u03c4\u03b9\u03c2 \u03c0\u03c1\u03b1\u03ba\u03c4\u03b9\u03ba\u03ad\u03c2 \u03b9\u03c3\u03c4\u03bf\u03c4\u03cc\u03c0\u03c9\u03bd \u03c4\u03c1\u03af\u03c4\u03c9\u03bd. \u0397 \u03c3\u03c5\u03bc\u03c0\u03b5\u03c1\u03af\u03bb\u03b7\u03c8\u03b7 \u03c3\u03c5\u03bd\u03b4\u03ad\u03c3\u03bc\u03c9\u03bd \u03c3\u03b5 \u03b9\u03c3\u03c4\u03cc\u03c4\u03bf\u03c0\u03bf\u03c5\u03c2 \u03c4\u03c1\u03af\u03c4\u03c9\u03bd \u03b4\u03b5\u03bd \u03c3\u03c5\u03bd\u03b5\u03c0\u03ac\u03b3\u03b5\u03c4\u03b1\u03b9 \u03ad\u03b3\u03ba\u03c1\u03b9\u03c3\u03b7 \u03ae \u03c3\u03cd\u03c3\u03c4\u03b1\u03c3\u03b7 \u03bf\u03c0\u03bf\u03b9\u03bf\u03c5\u03b4\u03ae\u03c0\u03bf\u03c4\u03b5 \u03c0\u03b5\u03c1\u03b9\u03b5\u03c7\u03bf\u03bc\u03ad\u03bd\u03bf\u03c5 \u03c3\u03b5 \u03c4\u03ad\u03c4\u03bf\u03b9\u03bf\u03c5\u03c2 \u03b9\u03c3\u03c4\u03cc\u03c4\u03bf\u03c0\u03bf\u03c5\u03c2.<\/li>\n\n\n\n<li><strong>\u0391\u03bb\u03bb\u03b1\u03b3\u03ad\u03c2 \u03c3\u03c4\u03bf\u03c5\u03c2 \u038c\u03c1\u03bf\u03c5\u03c2:<\/strong> \u0394\u03b9\u03b1\u03c4\u03b7\u03c1\u03bf\u03cd\u03bc\u03b5 \u03c4\u03bf \u03b4\u03b9\u03ba\u03b1\u03af\u03c9\u03bc\u03b1 \u03bd\u03b1 \u03c4\u03c1\u03bf\u03c0\u03bf\u03c0\u03bf\u03b9\u03ae\u03c3\u03bf\u03c5\u03bc\u03b5 \u03b1\u03c5\u03c4\u03bf\u03cd\u03c2 \u03c4\u03bf\u03c5\u03c2 \u03cc\u03c1\u03bf\u03c5\u03c2 \u03b1\u03bd\u03ac \u03c0\u03ac\u03c3\u03b1 \u03c3\u03c4\u03b9\u03b3\u03bc\u03ae \u03c7\u03c9\u03c1\u03af\u03c2 \u03c0\u03c1\u03bf\u03b5\u03b9\u03b4\u03bf\u03c0\u03bf\u03af\u03b7\u03c3\u03b7. \u0397 \u03c3\u03c5\u03bd\u03ad\u03c7\u03b9\u03c3\u03b7 \u03c4\u03b7\u03c2 \u03c7\u03c1\u03ae\u03c3\u03b7\u03c2 \u03b1\u03c5\u03c4\u03bf\u03cd \u03c4\u03bf\u03c5 \u03b9\u03c3\u03c4\u03cc\u03c4\u03bf\u03c0\u03bf\u03c5 \u03bc\u03b5\u03c4\u03ac \u03b1\u03c0\u03cc \u03c4\u03ad\u03c4\u03bf\u03b9\u03b5\u03c2 \u03c4\u03c1\u03bf\u03c0\u03bf\u03c0\u03bf\u03b9\u03ae\u03c3\u03b5\u03b9\u03c2 \u03c3\u03c5\u03bd\u03b9\u03c3\u03c4\u03ac \u03c4\u03b7 \u03c3\u03c5\u03bc\u03c6\u03c9\u03bd\u03af\u03b1 \u03c3\u03b1\u03c2 \u03bc\u03b5 \u03c4\u03bf\u03c5\u03c2 \u03b1\u03bd\u03b1\u03b8\u03b5\u03c9\u03c1\u03b7\u03bc\u03ad\u03bd\u03bf\u03c5\u03c2 \u03cc\u03c1\u03bf\u03c5\u03c2.<\/li>\n\n\n\n<li><strong>\u0395\u03c6\u03b1\u03c1\u03bc\u03bf\u03c3\u03c4\u03ad\u03bf \u0394\u03af\u03ba\u03b1\u03b9\u03bf:<\/strong> \u0391\u03c5\u03c4\u03bf\u03af \u03bf\u03b9 \u03cc\u03c1\u03bf\u03b9 \u03ba\u03b1\u03b9 \u03c0\u03c1\u03bf\u03cb\u03c0\u03bf\u03b8\u03ad\u03c3\u03b5\u03b9\u03c2 \u03b4\u03b9\u03ad\u03c0\u03bf\u03bd\u03c4\u03b1\u03b9 \u03ba\u03b1\u03b9 \u03b5\u03c1\u03bc\u03b7\u03bd\u03b5\u03cd\u03bf\u03bd\u03c4\u03b1\u03b9 \u03c3\u03cd\u03bc\u03c6\u03c9\u03bd\u03b1 \u03bc\u03b5 \u03c4\u03bf\u03c5\u03c2 \u03bd\u03cc\u03bc\u03bf\u03c5\u03c2 \u03c4\u03b7\u03c2 \u0392\u03c1\u03b1\u03b6\u03b9\u03bb\u03af\u03b1\u03c2. \u039f\u03c0\u03bf\u03b9\u03b1\u03b4\u03ae\u03c0\u03bf\u03c4\u03b5 \u03b4\u03b9\u03b1\u03c6\u03bf\u03c1\u03ac \u03c3\u03c7\u03b5\u03c4\u03b9\u03ba\u03ac \u03bc\u03b5 \u03c4\u03bf\u03c5\u03c2 \u03c0\u03b1\u03c1\u03cc\u03bd\u03c4\u03b5\u03c2 \u03cc\u03c1\u03bf\u03c5\u03c2 \u03b8\u03b1 \u03c5\u03c0\u03bf\u03b2\u03ac\u03bb\u03bb\u03b5\u03c4\u03b1\u03b9 \u03c3\u03c4\u03b7\u03bd \u03b1\u03c0\u03bf\u03ba\u03bb\u03b5\u03b9\u03c3\u03c4\u03b9\u03ba\u03ae \u03b4\u03b9\u03ba\u03b1\u03b9\u03bf\u03b4\u03bf\u03c3\u03af\u03b1 \u03c4\u03c9\u03bd \u03b1\u03c1\u03bc\u03cc\u03b4\u03b9\u03c9\u03bd \u03b4\u03b9\u03ba\u03b1\u03c3\u03c4\u03b7\u03c1\u03af\u03c9\u03bd \u03c0\u03bf\u03c5 \u03b2\u03c1\u03af\u03c3\u03ba\u03bf\u03bd\u03c4\u03b1\u03b9 \u03c3\u03c4\u03b7 \u03b4\u03b9\u03ba\u03b1\u03b9\u03bf\u03b4\u03bf\u03c3\u03af\u03b1 \u03b1\u03c5\u03c4\u03ae.<\/li>\n<\/ol>\n\n\n\n<p>\u03a7\u03c1\u03b7\u03c3\u03b9\u03bc\u03bf\u03c0\u03bf\u03b9\u03ce\u03bd\u03c4\u03b1\u03c2 \u03b1\u03c5\u03c4\u03cc\u03bd \u03c4\u03bf\u03bd \u03b9\u03c3\u03c4\u03cc\u03c4\u03bf\u03c0\u03bf, \u03b1\u03bd\u03b1\u03b3\u03bd\u03c9\u03c1\u03af\u03b6\u03b5\u03c4\u03b5 \u03cc\u03c4\u03b9 \u03ad\u03c7\u03b5\u03c4\u03b5 \u03b4\u03b9\u03b1\u03b2\u03ac\u03c3\u03b5\u03b9, \u03ba\u03b1\u03c4\u03b1\u03bd\u03bf\u03ae\u03c3\u03b5\u03b9 \u03ba\u03b1\u03b9 \u03c3\u03c5\u03bc\u03c6\u03c9\u03bd\u03ae\u03c3\u03b5\u03b9 \u03bc\u03b5 \u03b1\u03c5\u03c4\u03bf\u03cd\u03c2 \u03c4\u03bf\u03c5\u03c2 \u03cc\u03c1\u03bf\u03c5\u03c2 \u03ba\u03b1\u03b9 \u03c0\u03c1\u03bf\u03cb\u03c0\u03bf\u03b8\u03ad\u03c3\u03b5\u03b9\u03c2. \u0395\u03ac\u03bd \u03ad\u03c7\u03b5\u03c4\u03b5 \u03bf\u03c0\u03bf\u03b9\u03b5\u03c3\u03b4\u03ae\u03c0\u03bf\u03c4\u03b5 \u03b5\u03c1\u03c9\u03c4\u03ae\u03c3\u03b5\u03b9\u03c2 \u03ae \u03b1\u03bd\u03b7\u03c3\u03c5\u03c7\u03af\u03b5\u03c2 \u03c3\u03c7\u03b5\u03c4\u03b9\u03ba\u03ac \u03bc\u03b5 \u03b1\u03c5\u03c4\u03bf\u03cd\u03c2 \u03c4\u03bf\u03c5\u03c2 \u03cc\u03c1\u03bf\u03c5\u03c2, \u03b5\u03c0\u03b9\u03ba\u03bf\u03b9\u03bd\u03c9\u03bd\u03ae\u03c3\u03c4\u03b5 \u03bc\u03b1\u03b6\u03af \u03bc\u03b1\u03c2.<\/p>","protected":false},"excerpt":{"rendered":"<p>O uso deste site, bem como qualquer aplicativo ou servi\u00e7o relacionado oferecido por n\u00f3s, est\u00e1 sujeito aos seguintes termos e condi\u00e7\u00f5es. Ao acessar ou utilizar nosso site, voc\u00ea concorda em cumprir e ficar vinculado a estes termos. Se voc\u00ea n\u00e3o concordar com qualquer parte destes termos, por favor, n\u00e3o utilize este site. Ao utilizar este &#8230; <a title=\"\u0391\u03c1\u03bd\u03b7\u03c3\u03b7\" class=\"read-more\" href=\"https:\/\/mobsaint.com\/el\/disclaimer\/\" aria-label=\"Read more about Disclaimer\">\u03b4\u03b9\u03b1\u03b2\u03ac\u03c3\u03c4\u03b5 \u03c0\u03b5\u03c1\u03b9\u03c3\u03c3\u03cc\u03c4\u03b5\u03c1\u03b1<\/a><\/p>","protected":false},"author":1,"featured_media":0,"parent":0,"menu_order":0,"comment_status":"closed","ping_status":"open","template":"","meta":{"footnotes":""},"class_list":["post-2","page","type-page","status-publish"],"_links":{"self":[{"href":"https:\/\/mobsaint.com\/el\/wp-json\/wp\/v2\/pages\/2","targetHints":{"allow":["GET"]}}],"collection":[{"href":"https:\/\/mobsaint.com\/el\/wp-json\/wp\/v2\/pages"}],"about":[{"href":"https:\/\/mobsaint.com\/el\/wp-json\/wp\/v2\/types\/page"}],"author":[{"embeddable":true,"href":"https:\/\/mobsaint.com\/el\/wp-json\/wp\/v2\/users\/1"}],"replies":[{"embeddable":true,"href":"https:\/\/mobsaint.com\/el\/wp-json\/wp\/v2\/comments?post=2"}],"version-history":[{"count":2,"href":"https:\/\/mobsaint.com\/el\/wp-json\/wp\/v2\/pages\/2\/revisions"}],"predecessor-version":[{"id":852,"href":"https:\/\/mobsaint.com\/el\/wp-json\/wp\/v2\/pages\/2\/revisions\/852"}],"wp:attachment":[{"href":"https:\/\/mobsaint.com\/el\/wp-json\/wp\/v2\/media?parent=2"}],"curies":[{"name":"\u03b5\u03c1\u03b3\u03b1\u03c3\u03af\u03b1","href":"https:\/\/api.w.org\/{rel}","templated":true}]}}