{"id":2,"date":"2025-02-02T00:25:08","date_gmt":"2025-02-02T00:25:08","guid":{"rendered":"http:\/\/mobsaint.com\/?page_id=2"},"modified":"2025-02-02T02:57:33","modified_gmt":"2025-02-02T02:57:33","slug":"haftungsausschluss","status":"publish","type":"page","link":"https:\/\/mobsaint.com\/de\/disclaimer\/","title":{"rendered":"Haftungsausschluss"},"content":{"rendered":"<p>Ihre Nutzung dieser Website sowie aller damit verbundenen Anwendungen oder von uns angebotenen Dienste unterliegt den folgenden Bedingungen. Indem Sie auf unsere Website zugreifen oder sie verwenden, erkl\u00e4ren Sie sich mit der Einhaltung dieser Bedingungen einverstanden und sind an diese gebunden. Wenn Sie mit irgendeinem Teil dieser Bedingungen nicht einverstanden sind, verwenden Sie diese Website bitte nicht.<\/p>\n\n\n\n<ol class=\"wp-block-list\">\n<li><strong>Geistiges Eigentum:<\/strong> Alle auf dieser Website dargestellten Inhalte, einschlie\u00dflich, aber nicht beschr\u00e4nkt auf Texte, Grafiken, Logos, Symbole, Bilder, Audioclips, digitale Downloads und Datenzusammenstellungen, sind unser ausschlie\u00dfliches Eigentum oder das unserer Lizenzgeber und durch das Urheberrecht und andere geltende Gesetze zum Schutz geistigen Eigentums gesch\u00fctzt.<\/li>\n\n\n\n<li><strong>Erlaubte Nutzung:<\/strong> Sie d\u00fcrfen auf diese Website f\u00fcr pers\u00f6nliche, nicht kommerzielle Zwecke zugreifen und sie nutzen. Jede kommerzielle Nutzung oder Weiterver\u00f6ffentlichung der Inhalte dieser Website ohne unsere ausdr\u00fcckliche schriftliche Genehmigung ist strengstens untersagt.<\/li>\n\n\n\n<li><strong>Haftungsausschluss:<\/strong> Diese Website wird \u201ewie besehen\u201c und \u201ewie verf\u00fcgbar\u201c ohne jegliche ausdr\u00fcckliche oder stillschweigende Gew\u00e4hrleistung bereitgestellt. Wir \u00fcbernehmen keine Gew\u00e4hr f\u00fcr die Richtigkeit, Zuverl\u00e4ssigkeit oder Vollst\u00e4ndigkeit der Inhalte dieser Website. Die Nutzung dieser Site erfolgt auf eigene Gefahr.<\/li>\n\n\n\n<li><strong>Links zu Websites Dritter:<\/strong> Diese Website kann Links zu Websites Dritter enthalten, die nicht von uns kontrolliert oder betrieben werden. Wir sind nicht f\u00fcr den Inhalt, die Datenschutzrichtlinien oder die Praktiken von Websites Dritter verantwortlich. Die Einbeziehung von Links zu Websites Dritter stellt keine Billigung oder Empfehlung der Inhalte dieser Websites dar.<\/li>\n\n\n\n<li><strong>\u00c4nderungen der Bedingungen:<\/strong> Wir behalten uns das Recht vor, diese Bedingungen jederzeit und ohne Vorank\u00fcndigung zu \u00e4ndern. Ihre fortgesetzte Nutzung dieser Site nach solchen \u00c4nderungen gilt als Zustimmung zu den \u00fcberarbeiteten Bedingungen.<\/li>\n\n\n\n<li><strong>Geltendes Recht:<\/strong> Diese Gesch\u00e4ftsbedingungen unterliegen der brasilianischen Gesetzgebung und werden in \u00dcbereinstimmung mit dieser ausgelegt. S\u00e4mtliche Streitigkeiten im Zusammenhang mit diesen Bedingungen unterliegen der ausschlie\u00dflichen Zust\u00e4ndigkeit der zust\u00e4ndigen Gerichte in diesem Zust\u00e4ndigkeitsbereich.<\/li>\n<\/ol>\n\n\n\n<p>Durch die Nutzung dieser Website best\u00e4tigen Sie, dass Sie diese Bedingungen gelesen und verstanden haben und ihnen zustimmen. Wenn Sie Fragen oder Bedenken zu diesen Bedingungen haben, kontaktieren Sie uns bitte.<\/p>","protected":false},"excerpt":{"rendered":"<p>O uso deste site, bem como qualquer aplicativo ou servi\u00e7o relacionado oferecido por n\u00f3s, est\u00e1 sujeito aos seguintes termos e condi\u00e7\u00f5es. Ao acessar ou utilizar nosso site, voc\u00ea concorda em cumprir e ficar vinculado a estes termos. Se voc\u00ea n\u00e3o concordar com qualquer parte destes termos, por favor, n\u00e3o utilize este site. Ao utilizar este &#8230; <a title=\"Haftungsausschluss\" class=\"read-more\" href=\"https:\/\/mobsaint.com\/de\/disclaimer\/\" aria-label=\"Mehr Informationen \u00fcber Disclaimer\">mehr lesen<\/a><\/p>","protected":false},"author":1,"featured_media":0,"parent":0,"menu_order":0,"comment_status":"closed","ping_status":"open","template":"","meta":{"footnotes":""},"class_list":["post-2","page","type-page","status-publish"],"_links":{"self":[{"href":"https:\/\/mobsaint.com\/de\/wp-json\/wp\/v2\/pages\/2","targetHints":{"allow":["GET"]}}],"collection":[{"href":"https:\/\/mobsaint.com\/de\/wp-json\/wp\/v2\/pages"}],"about":[{"href":"https:\/\/mobsaint.com\/de\/wp-json\/wp\/v2\/types\/page"}],"author":[{"embeddable":true,"href":"https:\/\/mobsaint.com\/de\/wp-json\/wp\/v2\/users\/1"}],"replies":[{"embeddable":true,"href":"https:\/\/mobsaint.com\/de\/wp-json\/wp\/v2\/comments?post=2"}],"version-history":[{"count":2,"href":"https:\/\/mobsaint.com\/de\/wp-json\/wp\/v2\/pages\/2\/revisions"}],"predecessor-version":[{"id":852,"href":"https:\/\/mobsaint.com\/de\/wp-json\/wp\/v2\/pages\/2\/revisions\/852"}],"wp:attachment":[{"href":"https:\/\/mobsaint.com\/de\/wp-json\/wp\/v2\/media?parent=2"}],"curies":[{"name":"wp","href":"https:\/\/api.w.org\/{rel}","templated":true}]}}